{"id":16089,"date":"2025-03-12T14:04:40","date_gmt":"2025-03-12T13:04:40","guid":{"rendered":"https:\/\/www.jmlib.be\/site\/?page_id=16089"},"modified":"2025-03-14T15:51:41","modified_gmt":"2025-03-14T14:51:41","slug":"qui-sommes-nous","status":"publish","type":"page","link":"https:\/\/www.jmlib.be\/site\/qui-sommes-nous\/","title":{"rendered":"Qui sommes nous?"},"content":{"rendered":"\n<!DOCTYPE html>\n<html lang=\"fr\">\n<head>\n  <meta charset=\"UTF-8\" \/>\n  <meta name=\"viewport\" content=\"width=device-width, initial-scale=1.0\"\/>\n  <title>Jeunes Mutualistes Lib\u00e9raux (JML)<\/title>\n\n  <style>\n    \/* 1. R\u00e9initialisation de base *\/\n    * {\n      margin: 0;\n      padding: 0;\n      box-sizing: border-box;\n    }\n\n    \/* Corps de page *\/\n    body {\n      font-family: Arial, sans-serif;\n      line-height: 1.5;\n      color: #333;\n      background-color: #fff;\n    }\n\n    \/* 2. Conteneur principal centr\u00e9, limite la largeur \u00e0 1200px *\/\n    .container {\n      max-width: 1200px;\n      margin: 0 auto;\n      padding: 0 20px;\n    }\n\n    \/* Mise en page des conteneurs en flex pour \u00e9crans larges *\/\n    .flex-containers {\n      display: flex;\n      justify-content: space-between;\n      gap: 20px;\n    }\n\n    \/* 3. Conteneurs ind\u00e9pendants *\/\n    .content-box {\n      flex: 1;\n      padding: 2rem;\n      margin-bottom: 2rem;\n      border-radius: 10px;\n      box-shadow: 0 4px 12px rgba(0, 0, 0, 0.1);\n      background-color: #f9f9f9;\n      transition: transform 0.3s ease, box-shadow 0.3s ease;\n    }\n\n    .content-box:hover {\n      transform: translateY(-5px);\n      box-shadow: 0 8px 16px rgba(0, 0, 0, 0.15);\n    }\n\n    \/* 4. Titres *\/\n    h2 {\n      font-size: 1.8rem;\n      margin-bottom: 1.5rem;\n      color: #0080ff;\n      word-wrap: break-word;\n      overflow-wrap: break-word;\n      hyphens: auto;\n    }\n\n    \/* 5. Paragraphes *\/\n    p {\n      margin-bottom: 1rem;\n      word-wrap: break-word;\n      overflow-wrap: break-word;\n      hyphens: auto;\n    }\n\n    \/* 6. Liens *\/\n    a {\n      color: #0080ff;\n      text-decoration: none;\n      font-weight: bold;\n    }\n    a:hover {\n      text-decoration: underline;\n    }\n\n    \/* 8. Responsive pour petits \u00e9crans *\/\n    @media (max-width: 768px) {\n      .flex-containers {\n        flex-direction: column;\n      }\n      \n      h2 {\n        font-size: 1.5rem;\n      }\n      \n      .container {\n        padding: 0 15px;\n      }\n    }\n  <\/style>\n<\/head>\n<body>\n\n  <main class=\"jml-main-content\">\n    <div class=\"container\">\n      <div class=\"flex-containers\">\n        <!-- CONTENEUR: QUI SOMMES-NOUS ? -->\n        <div class=\"content-box\">\n          <h2>\ud83d\udc4b Qui sommes-nous ?<\/h2>\n          <p>\n            Fond\u00e9e en 1965, l&rsquo;asbl Jeunes Mutualistes Lib\u00e9raux (JML) est une \n            <a href=\"https:\/\/servicejeunesse.cfwb.be\/subventions\/les-organisations-de-jeunesse\/\" target=\"_blank\" rel=\"noopener\">\n              <strong>organisation de jeunesse<\/strong>\n            <\/a> reconnue par la F\u00e9d\u00e9ration Wallonie-Bruxelles, d\u00e9di\u00e9e \u00e0 l&rsquo;\u00e9panouissement et au d\u00e9veloppement des jeunes. \n            Nous organisons en Belgique et \u00e0 l&rsquo;\u00e9tranger des activit\u00e9s \u00e9ducatives, culturelles et r\u00e9cr\u00e9atives pour les jeunes, \n            les groupes et les familles.\n          <\/p>\n          <p>\n            Nos actions couvrent des th\u00e9matiques essentielles comme la sant\u00e9, le handicap, \n            l&rsquo;organisation de centres de vacances et toute une s\u00e9rie d&rsquo;activit\u00e9s socioculturelles \n            via une approche d&rsquo;\u00e9ducation permanente.\n          <\/p>\n          <p>\n            Notre association est \u00e9galement reconnue comme organisme de formation habilit\u00e9 \u00e0 d\u00e9livrer le \n            <strong>BACV<\/strong>, \n            <a href=\"https:\/\/www.jmlib.be\/site\/formation-danimateur-de-centres-de-vacances\/\">\n              <strong>le brevet d&rsquo;animateur de centre de vacances<\/strong>\n            <\/a> reconnu par la FWB.\n          <\/p>\n        <\/div>\n        \n        <!-- CONTENEUR: NOTRE MISSION -->\n        <div class=\"content-box\">\n          <h2>\ud83c\udfaf Notre mission ?<\/h2>\n          <p>\n            Accompagner les jeunes pour qu&rsquo;ils deviennent des \n            <strong>Citoyens Responsables, Actifs, Critiques et Solidaires<\/strong> (CRACS), \n            capables d&rsquo;agir et de penser de mani\u00e8re autonome et engag\u00e9e.\n          <\/p>\n        <\/div>\n      <\/div>\n    <\/div>\n  <\/main>\n\n<\/body>\n<\/html>\n","protected":false},"excerpt":{"rendered":"<p>Jeunes Mutualistes Lib\u00e9raux (JML) \ud83d\udc4b Qui sommes-nous ? Fond\u00e9e en 1965, l&rsquo;asbl Jeunes Mutualistes Lib\u00e9raux (JML) est une organisation de jeunesse reconnue par la F\u00e9d\u00e9ration Wallonie-Bruxelles, d\u00e9di\u00e9e \u00e0 l&rsquo;\u00e9panouissement et au d\u00e9veloppement des jeunes. Nous organisons en Belgique et \u00e0 l&rsquo;\u00e9tranger des activit\u00e9s \u00e9ducatives, culturelles et r\u00e9cr\u00e9atives pour les jeunes, les groupes et les familles.<a href=\"https:\/\/www.jmlib.be\/site\/qui-sommes-nous\/\">[&#8230;]<\/a><\/p>\n","protected":false},"author":1,"featured_media":0,"parent":0,"menu_order":0,"comment_status":"closed","ping_status":"closed","template":"template-fullwidth-no-title.php","meta":{"jetpack_post_was_ever_published":false,"footnotes":""},"class_list":["post-16089","page","type-page","status-publish","hentry"],"jetpack_sharing_enabled":true,"jetpack_shortlink":"https:\/\/wp.me\/P93my9-4bv","jetpack-related-posts":[{"id":14938,"url":"https:\/\/www.jmlib.be\/site\/page-stage\/","url_meta":{"origin":16089,"position":0},"title":"Stage Menu 2025","author":"jmlib","date":"16 d\u00e9cembre 2024","format":false,"excerpt":"Stages 2025 par r\u00e9gion Stages 2025 Trouvez l'activit\u00e9 id\u00e9ale pr\u00e8s de chez vous Tous les lieux Wavre Tilff Arlon Tournai La Louvi\u00e8re \ud83d\udccd Wavre Cr\u00e9ativit\u00e9 TERMIN\u00c9 \u267b\ufe0f F\u00eates en mode r\u00e9cup Du 20 au 24 octobre 2025 \ud83d\udc65 6-13 ans \ud83d\udd52 9h - 15h30 (accueil d\u00e8s 8h) 12 \u20ac par\u2026","rel":"","context":"Article similaire","block_context":{"text":"Article similaire","link":""},"img":{"alt_text":"","src":"","width":0,"height":0},"classes":[]},{"id":15749,"url":"https:\/\/www.jmlib.be\/site\/ciao-roma\/","url_meta":{"origin":16089,"position":1},"title":"Ciao Roma","author":"jmlib","date":"18 f\u00e9vrier 2025","format":false,"excerpt":"\u00a0 Ciao Roma VIVEZ L\u2019AVENTURE \u00c0 ROME ! Chaque voyage est une d\u00e9couverte, chaque destination est une le\u00e7on de vie. Tu as entre 15 et 17 ans ? Les JML t\u2019offrent la possibilit\u00e9 d\u2019explorer le monde, de rencontrer d\u2019autres cultures et de vivre des exp\u00e9riences inoubliables, dans un cadre s\u00e9curis\u00e9\u2026","rel":"","context":"Article similaire","block_context":{"text":"Article similaire","link":""},"img":{"alt_text":"","src":"https:\/\/i0.wp.com\/www.jmlib.be\/site\/wp-content\/uploads\/2025\/02\/Design-sans-titre-2-212x300.png?resize=350%2C200&ssl=1","width":350,"height":200},"classes":[]},{"id":17188,"url":"https:\/\/www.jmlib.be\/site\/histoires-en-couleurs-a-tilff\/","url_meta":{"origin":16089,"position":2},"title":"Histoires en couleurs \u00e0 Tilff","author":"jmlib","date":"25 novembre 2025","format":false,"excerpt":"Histoires en couleurs - Stage cr\u00e9atif \u00e9criture et dessin pour enfants Histoires en couleurs Stage cr\u00e9atif \ud83d\udc66\ud83d\udc67 09 \u00e0 12 ans | \ud83d\udcc5 Du 16 au 20 f\u00e9vrier Un stage cr\u00e9atif pour imaginer et cr\u00e9er ! Du 16 au 20 f\u00e9vrier 2026, les enfants de 9 \u00e0 12 ans sont\u2026","rel":"","context":"Article similaire","block_context":{"text":"Article similaire","link":""},"img":{"alt_text":"","src":"","width":0,"height":0},"classes":[]},{"id":17216,"url":"https:\/\/www.jmlib.be\/site\/art-recup\/","url_meta":{"origin":16089,"position":3},"title":"Art &#038; R\u00e9cup","author":"jmlib","date":"28 novembre 2025","format":false,"excerpt":"Art & R\u00e9cup \u00e0 Tilff' - Stage cr\u00e9atif recyclage et cr\u00e9ation pour enfants Art & R\u00e9cup'\u00e0 Tilff Stage cr\u00e9atif recyclage \ud83d\udc66\ud83d\udc67 09 \u00e0 12 ans | \ud83d\udcc5 Du 4 au 8 mai Transformer, cr\u00e9er, recycler ! Du 4 au 8 mai 2026, les enfants de 9 \u00e0 12 ans sont\u2026","rel":"","context":"Article similaire","block_context":{"text":"Article similaire","link":""},"img":{"alt_text":"","src":"","width":0,"height":0},"classes":[]},{"id":17227,"url":"https:\/\/www.jmlib.be\/site\/stage-couture-arlon\/","url_meta":{"origin":16089,"position":4},"title":"Stage Couture Arlon","author":"jmlib","date":"28 novembre 2025","format":false,"excerpt":"Stage Couture - Arlon - Du 16 au 20 f\u00e9vrier 2026 Stage Couture Cr\u00e9ations textiles durables \ud83d\udc66\ud83d\udc67 14 \u00e0 18 ans | \ud83d\udcc5 Du 16 au 20 f\u00e9vrier 2026 Cr\u00e9ations textiles durables avec Marie de la Lunerie Du 16 au 20 f\u00e9vrier 2026, les jeunes de 14 \u00e0 18 ans\u2026","rel":"","context":"Article similaire","block_context":{"text":"Article similaire","link":""},"img":{"alt_text":"","src":"","width":0,"height":0},"classes":[]},{"id":17161,"url":"https:\/\/www.jmlib.be\/site\/stages\/","url_meta":{"origin":16089,"position":5},"title":"Stages","author":"jmlib","date":"24 novembre 2025","format":false,"excerpt":"Stages 2026 par r\u00e9gion Stages 2026 Trouvez l'activit\u00e9 id\u00e9ale pr\u00e8s de chez vous Tous les lieux Wavre Tilff Arlon Tournai La Louvi\u00e8re \ud83d\udccd Wavre Expression \ud83c\udfa4 Exprime-toi avec confiance Du 27 au 30 avril 2026 \ud83d\udc655-13 ans \ud83d\udd529h - 15h30 (accueil d\u00e8s 8h) 48 \u20ac \u00c9motions \ud83d\udc9a La semaine des\u2026","rel":"","context":"Article similaire","block_context":{"text":"Article similaire","link":""},"img":{"alt_text":"","src":"","width":0,"height":0},"classes":[]}],"jetpack_likes_enabled":true,"_links":{"self":[{"href":"https:\/\/www.jmlib.be\/site\/wp-json\/wp\/v2\/pages\/16089","targetHints":{"allow":["GET"]}}],"collection":[{"href":"https:\/\/www.jmlib.be\/site\/wp-json\/wp\/v2\/pages"}],"about":[{"href":"https:\/\/www.jmlib.be\/site\/wp-json\/wp\/v2\/types\/page"}],"author":[{"embeddable":true,"href":"https:\/\/www.jmlib.be\/site\/wp-json\/wp\/v2\/users\/1"}],"replies":[{"embeddable":true,"href":"https:\/\/www.jmlib.be\/site\/wp-json\/wp\/v2\/comments?post=16089"}],"version-history":[{"count":12,"href":"https:\/\/www.jmlib.be\/site\/wp-json\/wp\/v2\/pages\/16089\/revisions"}],"predecessor-version":[{"id":16120,"href":"https:\/\/www.jmlib.be\/site\/wp-json\/wp\/v2\/pages\/16089\/revisions\/16120"}],"wp:attachment":[{"href":"https:\/\/www.jmlib.be\/site\/wp-json\/wp\/v2\/media?parent=16089"}],"curies":[{"name":"wp","href":"https:\/\/api.w.org\/{rel}","templated":true}]}}