{"id":16036,"date":"2025-02-28T16:04:32","date_gmt":"2025-02-28T15:04:32","guid":{"rendered":"https:\/\/www.jmlib.be\/site\/?page_id=16036"},"modified":"2026-04-09T10:51:28","modified_gmt":"2026-04-09T08:51:28","slug":"atelier-du-mercredi","status":"publish","type":"page","link":"https:\/\/www.jmlib.be\/site\/atelier-du-mercredi\/","title":{"rendered":"Atelier du mercredi \u00e0 Tournai"},"content":{"rendered":"\n<!DOCTYPE html>\n<html lang=\"fr\">\n<head>\n  <meta charset=\"UTF-8\" \/>\n  <meta name=\"viewport\" content=\"width=device-width, initial-scale=1.0\" \/>\n  <title>Ateliers du Mercredi 2026<\/title>\n  <style>\n    body {\n      margin: 0;\n      padding: 0;\n      font-family: Arial, sans-serif;\n      background-color: #f7f7f7;\n      color: #333;\n    }\n    .atelier-container {\n      max-width: 900px;\n      margin: 0 auto;\n      padding: 20px;\n      box-sizing: border-box;\n    }\n    .atelier-header {\n      text-align: center;\n      margin-bottom: 30px;\n    }\n    .atelier-header h1 {\n      color: #1d5d7b;\n      font-size: 32px;\n      margin-bottom: 20px;\n    }\n    .header-image {\n      width: 100%;\n      max-width: 600px;\n      height: auto;\n      border-radius: 15px;\n      box-shadow: 0 4px 8px rgba(0,0,0,0.15);\n      margin: 20px 0;\n      object-fit: cover;\n    }\n    .free-tag {\n      display: block;\n      width: fit-content;\n      margin: 10px auto;\n      background-color: #1d5d7b;\n      color: white;\n      padding: 5px 10px;\n      border-radius: 5px;\n    }\n    .free-tag-icon {\n      margin-right: 5px;\n    }\n    .month-container {\n      position: relative;\n      margin: 20px 0;\n      width: 100%;\n    }\n    .month-title {\n      background-color: #f2855f;\n      color: white;\n      text-align: center;\n      padding: 10px;\n      border-radius: 20px;\n      font-size: 24px;\n      margin-bottom: 5px;\n    }\n    .month-container.past .month-title {\n      background-color: #95a5a6;\n      opacity: 0.8;\n    }\n    .past-badge {\n      display: inline-block;\n      background: rgba(0,0,0,0.2);\n      color: white;\n      padding: 3px 12px;\n      border-radius: 12px;\n      font-size: 0.85rem;\n      margin-left: 10px;\n      font-weight: bold;\n    }\n    .month-time {\n      text-align: center;\n      font-weight: bold;\n      color: #1d5d7b;\n      margin-top: 5px;\n      display: flex;\n      justify-content: center;\n      align-items: center;\n    }\n    .time-icon {\n      margin-right: 8px;\n      font-size: 18px;\n    }\n    .activities {\n      display: grid;\n      grid-template-columns: 1fr;\n      gap: 15px;\n      width: 100%;\n    }\n    .activity {\n      background-color: white;\n      border-radius: 10px;\n      padding: 15px;\n      box-shadow: 0 3px 6px rgba(0,0,0,0.1);\n      position: relative;\n      border-left: 5px solid #f2855f;\n      width: 100%;\n      box-sizing: border-box;\n    }\n    .activity.past {\n      opacity: 0.5;\n      filter: grayscale(50%);\n      background-color: #e8e8e8;\n      border-left-color: #95a5a6;\n    }\n    .activity.past .activity-date,\n    .activity.past .activity-title,\n    .activity.past .age-group {\n      color: #757575;\n    }\n    .activity-date {\n      display: flex;\n      align-items: center;\n      margin-bottom: 5px;\n      color: #1d5d7b;\n      font-weight: bold;\n    }\n    .calendar-icon {\n      margin-right: 8px;\n      font-size: 18px;\n    }\n    .activity-title {\n      color: #4db4e7;\n      margin-top: 0;\n      margin-bottom: 10px;\n      text-transform: none;\n    }\n    .age-group {\n      font-weight: bold;\n      margin-bottom: 5px;\n      color: #666;\n      display: flex;\n      align-items: center;\n    }\n    .age-icon {\n      margin-right: 8px;\n      font-size: 18px;\n    }\n    .contact {\n      text-align: center;\n      margin-top: 40px;\n      padding: 20px;\n      background-color: #f0f0f0;\n      border-radius: 10px;\n      width: 100%;\n      box-sizing: border-box;\n    }\n    .location, .email, .phone-container {\n      display: flex;\n      justify-content: center;\n      align-items: center;\n      margin: 10px 0;\n      flex-wrap: wrap;\n    }\n    .phone-icon, .location-icon, .email-icon {\n      margin-right: 8px;\n      font-size: 18px;\n    }\n    .email a {\n      color: #1d5d7b;\n      text-decoration: none;\n    }\n    .email a:hover {\n      text-decoration: underline;\n    }\n    .inscription-btn {\n      display: inline-block;\n      background-color: #1d5d7b;\n      color: white;\n      padding: 12px 24px;\n      text-decoration: none;\n      border-radius: 5px;\n      font-weight: bold;\n      margin-top: 15px;\n      cursor: pointer;\n      border: none;\n      transition: background-color 0.3s ease;\n    }\n    .inscription-btn:hover {\n      background-color: #145a75;\n    }\n    .emoji {\n      font-size: 24px;\n      position: absolute;\n      right: 15px;\n      top: 15px;\n    }\n    .contact-title {\n      display: flex;\n      justify-content: center;\n      align-items: center;\n      margin-bottom: 15px;\n      flex-wrap: wrap;\n    }\n    .contact-title h2 {\n      margin: 0 10px;\n    }\n    .contact-emoji {\n      font-size: 24px;\n    }\n    @media (max-width: 768px) {\n      .atelier-container {\n        padding: 15px;\n      }\n      .atelier-header h1 {\n        font-size: 28px;\n      }\n      .header-image {\n        max-width: 100%;\n        margin: 15px 0;\n      }\n      .month-title {\n        font-size: 20px;\n      }\n      .activity {\n        padding: 12px;\n      }\n    }\n    @media (max-width: 480px) {\n      .atelier-container {\n        padding: 10px;\n      }\n      .atelier-header h1 {\n        font-size: 24px;\n      }\n      .header-image {\n        margin: 10px 0;\n        border-radius: 10px;\n      }\n      .month-title {\n        font-size: 18px;\n      }\n      .contact-title {\n        flex-direction: column;\n      }\n      .contact-emoji {\n        margin: 5px 0;\n      }\n    }\n  <\/style>\n<\/head>\n<body>\n  <div class=\"atelier-container\">\n    <div class=\"atelier-header\">\n      <h1>Ateliers du Mercredi 2026<\/h1>\n      <div class=\"free-tag\"><span class=\"free-tag-icon\">\ud83c\udff7\ufe0f<\/span> GRATUIT<\/div>\n      <img data-recalc-dims=\"1\" decoding=\"async\"\n        src=\"https:\/\/i0.wp.com\/www.jmlib.be\/site\/wp-content\/uploads\/2025\/08\/Capture-decran-2025-08-27-172952.webp?w=640&#038;ssl=1\"\n        alt=\"Illustration des ateliers cr\u00e9atifs\"\n        class=\"header-image\"\n      \/>\n    <\/div>\n\n    <!-- Avril 2026 -->\n    <div class=\"month-container\">\n      <div class=\"month-title\">Programme du mois d&rsquo;Avril 2026<\/div>\n      <div class=\"month-time\"><span class=\"time-icon\">\u23f0<\/span> DE 14H-16H30<\/div>\n    <\/div>\n    <div class=\"activities\">\n      <div class=\"activity\">\n        <div class=\"emoji\">\u2728<\/div>\n        <div class=\"age-group\"><span class=\"age-icon\">\ud83d\udc66<\/span> De 6 \u00e0 11 ans<\/div>\n        <div class=\"activity-date\"><span class=\"calendar-icon\">\ud83d\udcc5<\/span> 22 avril<\/div>\n        <h3 class=\"activity-title\">Atelier cr\u00e9atif<\/h3>\n      <\/div>\n    <\/div>\n\n    <!-- Mai 2026 -->\n    <div class=\"month-container\">\n      <div class=\"month-title\">Programme du mois de Mai 2026<\/div>\n      <div class=\"month-time\"><span class=\"time-icon\">\u23f0<\/span> DE 14H-16H30<\/div>\n    <\/div>\n    <div class=\"activities\">\n      <div class=\"activity\">\n        <div class=\"emoji\">\ud83e\udd86<\/div>\n        <div class=\"age-group\"><span class=\"age-icon\">\ud83d\udc67<\/span> De 12 \u00e0 18 ans<\/div>\n        <div class=\"activity-date\"><span class=\"calendar-icon\">\ud83d\udcc5<\/span> 13 mai<\/div>\n        <h3 class=\"activity-title\">Atelier ados<\/h3>\n      <\/div>\n      <div class=\"activity\">\n        <div class=\"emoji\">\ud83d\udc68\u200d\ud83c\udf73<\/div>\n        <div class=\"age-group\"><span class=\"age-icon\">\ud83d\udc66<\/span> De 6 \u00e0 11 ans<\/div>\n        <div class=\"activity-date\"><span class=\"calendar-icon\">\ud83d\udcc5<\/span> 20 mai<\/div>\n        <h3 class=\"activity-title\">Atelier culinaire<\/h3>\n      <\/div>\n      <div class=\"activity\">\n        <div class=\"emoji\">\u2728<\/div>\n        <div class=\"age-group\"><span class=\"age-icon\">\ud83d\udc66<\/span> De 6 \u00e0 11 ans<\/div>\n        <div class=\"activity-date\"><span class=\"calendar-icon\">\ud83d\udcc5<\/span> 27 mai<\/div>\n        <h3 class=\"activity-title\">Atelier cr\u00e9atif inter&rsquo;G<\/h3>\n        <p>\n          Activit\u00e9 interg\u00e9n\u00e9rationnelle en partenariat avec\n          <a href=\"https:\/\/www.ago-asbl.be\/\" target=\"_blank\" rel=\"noopener noreferrer\" style=\"color: #1d5d7b; text-decoration: none; font-weight: bold;\">\u00c2go<\/a>\n        <\/p>\n      <\/div>\n    <\/div>\n\n    <!-- Juin 2026 -->\n    <div class=\"month-container\">\n      <div class=\"month-title\">Programme du mois de Juin 2026<\/div>\n      <div class=\"month-time\"><span class=\"time-icon\">\u23f0<\/span> DE 14H-16H30<\/div>\n    <\/div>\n    <div class=\"activities\">\n      <div class=\"activity\">\n        <div class=\"emoji\">\ud83e\udd86<\/div>\n        <div class=\"age-group\"><span class=\"age-icon\">\ud83d\udc67<\/span> De 12 \u00e0 18 ans<\/div>\n        <div class=\"activity-date\"><span class=\"calendar-icon\">\ud83d\udcc5<\/span> 3 juin<\/div>\n        <h3 class=\"activity-title\">Atelier ados<\/h3>\n      <\/div>\n      <div class=\"activity\">\n        <div class=\"emoji\">\ud83d\udc68\u200d\ud83c\udf73<\/div>\n        <div class=\"age-group\"><span class=\"age-icon\">\ud83d\udc66<\/span> De 6 \u00e0 11 ans<\/div>\n        <div class=\"activity-date\"><span class=\"calendar-icon\">\ud83d\udcc5<\/span> 17 juin<\/div>\n        <h3 class=\"activity-title\">Atelier culinaire<\/h3>\n        <p>\n          Activit\u00e9 interg\u00e9n\u00e9rationnelle en partenariat avec\n          <a href=\"https:\/\/www.ago-asbl.be\/\" target=\"_blank\" rel=\"noopener noreferrer\" style=\"color: #1d5d7b; text-decoration: none; font-weight: bold;\">\u00c2go<\/a>\n        <\/p>\n      <\/div>\n      <div class=\"activity\">\n        <div class=\"emoji\">\u2728<\/div>\n        <div class=\"age-group\"><span class=\"age-icon\">\ud83d\udc66<\/span> De 6 \u00e0 11 ans<\/div>\n        <div class=\"activity-date\"><span class=\"calendar-icon\">\ud83d\udcc5<\/span> 24 juin<\/div>\n        <h3 class=\"activity-title\">Atelier cr\u00e9atif<\/h3>\n      <\/div>\n    <\/div>\n\n    <!-- Avril 2026 (partiel) - TERMIN\u00c9 -->\n    <div class=\"month-container past\">\n      <div class=\"month-title\">Programme du mois d&rsquo;Avril 2026 <span class=\"past-badge\">Termin\u00e9<\/span><\/div>\n      <div class=\"month-time\"><span class=\"time-icon\">\u23f0<\/span> DE 14H-16H30<\/div>\n    <\/div>\n    <div class=\"activities\">\n      <div class=\"activity past\">\n        <div class=\"emoji\">\ud83e\udd86<\/div>\n        <div class=\"age-group\"><span class=\"age-icon\">\ud83d\udc67<\/span> De 12 \u00e0 18 ans<\/div>\n        <div class=\"activity-date\"><span class=\"calendar-icon\">\ud83d\udcc5<\/span> 1 avril<\/div>\n        <h3 class=\"activity-title\">Atelier ados<\/h3>\n      <\/div>\n      <div class=\"activity past\">\n        <div class=\"emoji\">\u2728<\/div>\n        <div class=\"age-group\"><span class=\"age-icon\">\ud83d\udc66<\/span> De 6 \u00e0 11 ans<\/div>\n        <div class=\"activity-date\"><span class=\"calendar-icon\">\ud83d\udcc5<\/span> 8 avril<\/div>\n        <h3 class=\"activity-title\">Atelier cr\u00e9atif inter&rsquo;G<\/h3>\n        <p>\n          Activit\u00e9 interg\u00e9n\u00e9rationnelle en partenariat avec\n          <a href=\"https:\/\/www.ago-asbl.be\/\" target=\"_blank\" rel=\"noopener noreferrer\" style=\"color: #757575; text-decoration: none; font-weight: bold;\">\u00c2go<\/a>\n        <\/p>\n      <\/div>\n    <\/div>\n\n    <!-- Mars 2026 - TERMIN\u00c9 -->\n    <div class=\"month-container past\">\n      <div class=\"month-title\">Programme du mois de Mars 2026 <span class=\"past-badge\">Termin\u00e9<\/span><\/div>\n      <div class=\"month-time\"><span class=\"time-icon\">\u23f0<\/span> DE 14H-16H30<\/div>\n    <\/div>\n    <div class=\"activities\">\n      <div class=\"activity past\">\n        <div class=\"emoji\">\u2728<\/div>\n        <div class=\"age-group\"><span class=\"age-icon\">\ud83d\udc66<\/span> De 6 \u00e0 11 ans<\/div>\n        <div class=\"activity-date\"><span class=\"calendar-icon\">\ud83d\udcc5<\/span> 4 mars<\/div>\n        <h3 class=\"activity-title\">Atelier cr\u00e9atif<\/h3>\n      <\/div>\n      <div class=\"activity past\">\n        <div class=\"emoji\">\ud83e\udd86<\/div>\n        <div class=\"age-group\"><span class=\"age-icon\">\ud83d\udc67<\/span> De 12 \u00e0 18 ans<\/div>\n        <div class=\"activity-date\"><span class=\"calendar-icon\">\ud83d\udcc5<\/span> 11 mars<\/div>\n        <h3 class=\"activity-title\">Atelier ados<\/h3>\n      <\/div>\n      <div class=\"activity past\">\n        <div class=\"emoji\">\ud83d\udc68\u200d\ud83c\udf73<\/div>\n        <div class=\"age-group\"><span class=\"age-icon\">\ud83d\udc66<\/span> De 6 \u00e0 11 ans<\/div>\n        <div class=\"activity-date\"><span class=\"calendar-icon\">\ud83d\udcc5<\/span> 18 mars<\/div>\n        <h3 class=\"activity-title\">Atelier culinaire<\/h3>\n      <\/div>\n      <div class=\"activity past\">\n        <div class=\"emoji\">\u2728<\/div>\n        <div class=\"age-group\"><span class=\"age-icon\">\ud83d\udc66<\/span> De 6 \u00e0 11 ans<\/div>\n        <div class=\"activity-date\"><span class=\"calendar-icon\">\ud83d\udcc5<\/span> 25 mars<\/div>\n        <h3 class=\"activity-title\">Atelier cr\u00e9atif inter&rsquo;G<\/h3>\n        <p>\n          Activit\u00e9 interg\u00e9n\u00e9rationnelle en partenariat avec\n          <a href=\"https:\/\/www.ago-asbl.be\/\" target=\"_blank\" rel=\"noopener noreferrer\" style=\"color: #757575; text-decoration: none; font-weight: bold;\">\u00c2go<\/a>\n        <\/p>\n      <\/div>\n    <\/div>\n\n    <!-- F\u00e9vrier 2026 - TERMIN\u00c9 -->\n    <div class=\"month-container past\">\n      <div class=\"month-title\">Programme du mois de F\u00e9vrier 2026 <span class=\"past-badge\">Termin\u00e9<\/span><\/div>\n      <div class=\"month-time\"><span class=\"time-icon\">\u23f0<\/span> DE 14H-16H30<\/div>\n    <\/div>\n    <div class=\"activities\">\n      <div class=\"activity past\">\n        <div class=\"emoji\">\ud83d\udc68\u200d\ud83c\udf73<\/div>\n        <div class=\"age-group\"><span class=\"age-icon\">\ud83d\udc66<\/span> De 6 \u00e0 11 ans<\/div>\n        <div class=\"activity-date\"><span class=\"calendar-icon\">\ud83d\udcc5<\/span> 4 f\u00e9vrier<\/div>\n        <h3 class=\"activity-title\">Atelier culinaire<\/h3>\n      <\/div>\n      <div class=\"activity past\">\n        <div class=\"emoji\">\ud83e\udd86<\/div>\n        <div class=\"age-group\"><span class=\"age-icon\">\ud83d\udc67<\/span> De 12 \u00e0 18 ans<\/div>\n        <div class=\"activity-date\"><span class=\"calendar-icon\">\ud83d\udcc5<\/span> 11 f\u00e9vrier<\/div>\n        <h3 class=\"activity-title\">Atelier ados<\/h3>\n      <\/div>\n    <\/div>\n\n    <!-- Janvier 2026 - TERMIN\u00c9 -->\n    <div class=\"month-container past\">\n      <div class=\"month-title\">Programme du mois de Janvier 2026 <span class=\"past-badge\">Termin\u00e9<\/span><\/div>\n      <div class=\"month-time\"><span class=\"time-icon\">\u23f0<\/span> DE 14H-16H30<\/div>\n    <\/div>\n    <div class=\"activities\">\n      <div class=\"activity past\">\n        <div class=\"emoji\">\ud83d\udc68\u200d\ud83c\udf73<\/div>\n        <div class=\"age-group\"><span class=\"age-icon\">\ud83d\udc66<\/span> De 6 \u00e0 11 ans<\/div>\n        <div class=\"activity-date\"><span class=\"calendar-icon\">\ud83d\udcc5<\/span> 14 janvier<\/div>\n        <h3 class=\"activity-title\">Atelier culinaire<\/h3>\n      <\/div>\n      <div class=\"activity past\">\n        <div class=\"emoji\">\ud83e\udd86<\/div>\n        <div class=\"age-group\"><span class=\"age-icon\">\ud83d\udc67<\/span> De 12 \u00e0 18 ans<\/div>\n        <div class=\"activity-date\"><span class=\"calendar-icon\">\ud83d\udcc5<\/span> 21 janvier<\/div>\n        <h3 class=\"activity-title\">Atelier ados<\/h3>\n      <\/div>\n      <div class=\"activity past\">\n        <div class=\"emoji\">\u2728<\/div>\n        <div class=\"age-group\"><span class=\"age-icon\">\ud83d\udc66<\/span> De 6 \u00e0 11 ans<\/div>\n        <div class=\"activity-date\"><span class=\"calendar-icon\">\ud83d\udcc5<\/span> 28 janvier<\/div>\n        <h3 class=\"activity-title\">Atelier cr\u00e9atif<\/h3>\n        <p>\n          Activit\u00e9 interg\u00e9n\u00e9rationnelle en partenariat avec\n          <a href=\"https:\/\/www.ago-asbl.be\/\" target=\"_blank\" rel=\"noopener noreferrer\" style=\"color: #757575; text-decoration: none; font-weight: bold;\">\u00c2go<\/a>\n        <\/p>\n      <\/div>\n    <\/div>\n\n    <!-- Contact & Inscriptions -->\n    <div class=\"contact\">\n      <div class=\"contact-title\">\n        <span class=\"contact-emoji\">\ud83d\udcde<\/span>\n        <h2>Contact et inscription<\/h2>\n        <span class=\"contact-emoji\">\ud83d\udcdd<\/span>\n      <\/div>\n      <div class=\"phone-container\">\n        <span class=\"phone-icon\">\ud83d\udcf1<\/span>\n        <p>32 (0)69\/34.38.33<\/p>\n      <\/div>\n      <div class=\"email\">\n        <span class=\"email-icon\">\u2709\ufe0f<\/span>\n        <a href=\"mailto:jmlasbltournai@gmail.com\">Ga\u00eblle Andr\u00e9<\/a>\n      <\/div>\n      <div class=\"location\">\n        <span class=\"location-icon\">\ud83d\udccd<\/span>\n        <span>Rue Morel, 9 &#8211; 7500 Tournai<\/span>\n      <\/div>\n      <a class=\"inscription-btn\" href=\"https:\/\/docs.google.com\/forms\/d\/1_RVKTRJm0MO2NCaH6mFZamaA0k5oZorM7k96T65gDqk\/edit\" target=\"_blank\" rel=\"noopener noreferrer\">\n        S&rsquo;inscrire\n      <\/a>\n    <\/div>\n  <\/div>\n<\/body>\n<\/html>\n\n\n\n<p><\/p>\n","protected":false},"excerpt":{"rendered":"<p>Ateliers du Mercredi 2026 Ateliers du Mercredi 2026 \ud83c\udff7\ufe0f GRATUIT Programme du mois d&rsquo;Avril 2026 \u23f0 DE 14H-16H30 \u2728 \ud83d\udc66 De 6 \u00e0 11 ans \ud83d\udcc5 22 avril Atelier cr\u00e9atif Programme du mois de Mai 2026 \u23f0 DE 14H-16H30 \ud83e\udd86 \ud83d\udc67 De 12 \u00e0 18 ans \ud83d\udcc5 13 mai Atelier ados \ud83d\udc68\u200d\ud83c\udf73 \ud83d\udc66 De 6<a href=\"https:\/\/www.jmlib.be\/site\/atelier-du-mercredi\/\">[&#8230;]<\/a><\/p>\n","protected":false},"author":1,"featured_media":0,"parent":0,"menu_order":0,"comment_status":"closed","ping_status":"closed","template":"template-fullwidth-no-title.php","meta":{"jetpack_post_was_ever_published":false,"footnotes":""},"class_list":["post-16036","page","type-page","status-publish","hentry"],"jetpack_sharing_enabled":true,"jetpack_shortlink":"https:\/\/wp.me\/P93my9-4aE","jetpack-related-posts":[{"id":15971,"url":"https:\/\/www.jmlib.be\/site\/nos-mercredis-extras\/","url_meta":{"origin":16036,"position":0},"title":"Nos mercredis extras Wavre","author":"jmlib","date":"27 f\u00e9vrier 2025","format":false,"excerpt":"Nos Mercredis Extras - JML Nos Mercredis Extras Pr\u00e9pare-toi pour des moments magiques ! 13 mai 2026 Atelier gourmand 27 mai 2026 Tournoi de mini jeux sportifs 10 juin 2026 Smoothie Party 17 juin 2026 Dessins, jeux et picnic en ext\u00e9rieur \ud83d\udd53 Activit\u00e9s termin\u00e9es 1 avril 2026 Termin\u00e9 Escape Game\u2026","rel":"","context":"Article similaire","block_context":{"text":"Article similaire","link":""},"img":{"alt_text":"","src":"","width":0,"height":0},"classes":[]},{"id":15466,"url":"https:\/\/www.jmlib.be\/site\/tout-au-long-de-lannee\/","url_meta":{"origin":16036,"position":1},"title":"Tout au long de l\u2019ann\u00e9e","author":"jmlib","date":"4 f\u00e9vrier 2025","format":false,"excerpt":"Activit\u00e9s Toutes les r\u00e9gions Brabant wallon Luxembourg Li\u00e8ge Tournai La Louvi\u00e8re Brabant wallon Nos Mercredis Extras \ud83d\udccd Wavre Mme Estelle De Meyer \ud83d\udcde T\u00e9l. : 010 862 830 \ud83d\udcc5 Un mercredi sur deux \u23f0 De 13h00 \u00e0 15h00 \ud83d\udcb0 Gratuit (hors cong\u00e9s scolaires) Cliquez ici Atelier Musical \ud83d\udccd Tilly Mme\u2026","rel":"","context":"Article similaire","block_context":{"text":"Article similaire","link":""},"img":{"alt_text":"","src":"","width":0,"height":0},"classes":[]},{"id":16465,"url":"https:\/\/www.jmlib.be\/site\/offre-demploi\/","url_meta":{"origin":16036,"position":2},"title":"Offre d&#8217;emploi","author":"jmlib","date":"6 mai 2025","format":false,"excerpt":"Offre d'emploi - Animateur(trice) Nous recherchons un(e) animateur(trice) Rejoignez notre \u00e9quipe \u00e0 La Louvi\u00e8re Type de contrat CDI Horaire Mi-temps Lieu La Louvi\u00e8re En savoir plus","rel":"","context":"Article similaire","block_context":{"text":"Article similaire","link":""},"img":{"alt_text":"","src":"","width":0,"height":0},"classes":[]},{"id":16827,"url":"https:\/\/www.jmlib.be\/site\/expression-orale-et-corporelle-a-lecole-de-tilly\/","url_meta":{"origin":16036,"position":3},"title":"Expression Orale et corporelle \u00e0 l&rsquo;\u00e9cole de Tilly !","author":"jmlib","date":"26 ao\u00fbt 2025","format":false,"excerpt":"Projet Expression Orale et Corporelle - Tilly Expression orale et corporelle \u00e0 l'\u00e9cole de Tilly ! \u2728 Expression orale et corporelle avec les enfants de Tilly Nous sommes ravis de vous pr\u00e9senter notre nouveau projet d'expression orale et corporelle en collaboration avec l'\u00e9cole de Tilly ! \u00c0 partir du 19\u2026","rel":"","context":"Article similaire","block_context":{"text":"Article similaire","link":""},"img":{"alt_text":"","src":"","width":0,"height":0},"classes":[]},{"id":16016,"url":"https:\/\/www.jmlib.be\/site\/les-actis-des-mercredis-aprems\/","url_meta":{"origin":16036,"position":4},"title":"Les actis des mercredis apr\u00e8ms","author":"jmlib","date":"28 f\u00e9vrier 2025","format":false,"excerpt":"Les actis des mercredis aprems - JML asbl LES ACTISDES MERCREDIS APREMS PROPOS\u00c9ES PAR les JML d'Arlon en collaboration avec la ML Li\u00e8ge-Luxembourg. GRATUIT. \u00a0POUR ADOS DE 10 \u00c0 18 ANS. \u00a0TOUS LES MERCREDIS APR\u00c8S-MIDI. \u00a0DE 13H \u00c0 16H. \u00a0DE JANVIER \u00c0 JUILLET 2026. \u00a0EXCEPT\u00c9S CONG\u00c9S SCOLAIRES. Inscription obligatoire \u2013\u2026","rel":"","context":"Article similaire","block_context":{"text":"Article similaire","link":""},"img":{"alt_text":"","src":"","width":0,"height":0},"classes":[]},{"id":15926,"url":"https:\/\/www.jmlib.be\/site\/projet-musical-avec-les-enfants-de-tilly\/","url_meta":{"origin":16036,"position":5},"title":"\u00a0Projet Musical avec les Enfants de Tilly","author":"jmlib","date":"26 f\u00e9vrier 2025","format":false,"excerpt":"Projet Musical Tilly - Accueil Projet Musical avec les Enfants de Tilly ! \ud83c\udfb6\ud83d\ude0a Projet Musical avec les Enfants de Tilly Nous sommes ravis de vous annoncer notre tout nouveau projet en collaboration avec l'\u00e9cole maternelle et primaire de Tilly ! \u00c0 partir du 16 septembre 2025, nous animerons 25\u2026","rel":"","context":"Article similaire","block_context":{"text":"Article similaire","link":""},"img":{"alt_text":"","src":"","width":0,"height":0},"classes":[]}],"jetpack_likes_enabled":true,"_links":{"self":[{"href":"https:\/\/www.jmlib.be\/site\/wp-json\/wp\/v2\/pages\/16036","targetHints":{"allow":["GET"]}}],"collection":[{"href":"https:\/\/www.jmlib.be\/site\/wp-json\/wp\/v2\/pages"}],"about":[{"href":"https:\/\/www.jmlib.be\/site\/wp-json\/wp\/v2\/types\/page"}],"author":[{"embeddable":true,"href":"https:\/\/www.jmlib.be\/site\/wp-json\/wp\/v2\/users\/1"}],"replies":[{"embeddable":true,"href":"https:\/\/www.jmlib.be\/site\/wp-json\/wp\/v2\/comments?post=16036"}],"version-history":[{"count":31,"href":"https:\/\/www.jmlib.be\/site\/wp-json\/wp\/v2\/pages\/16036\/revisions"}],"predecessor-version":[{"id":17582,"href":"https:\/\/www.jmlib.be\/site\/wp-json\/wp\/v2\/pages\/16036\/revisions\/17582"}],"wp:attachment":[{"href":"https:\/\/www.jmlib.be\/site\/wp-json\/wp\/v2\/media?parent=16036"}],"curies":[{"name":"wp","href":"https:\/\/api.w.org\/{rel}","templated":true}]}}