{"id":15652,"date":"2025-02-13T17:13:18","date_gmt":"2025-02-13T16:13:18","guid":{"rendered":"https:\/\/www.jmlib.be\/site\/?page_id=15652"},"modified":"2026-02-18T10:53:42","modified_gmt":"2026-02-18T09:53:42","slug":"decouvrez-nos-sejours","status":"publish","type":"page","link":"https:\/\/www.jmlib.be\/site\/decouvrez-nos-sejours\/","title":{"rendered":"D\u00e9couvrez nos s\u00e9jours"},"content":{"rendered":"\n<!DOCTYPE html>\n<html lang=\"fr\">\n<head>\n  <meta charset=\"UTF-8\" \/>\n  <meta name=\"viewport\" content=\"width=device-width, initial-scale=1.0\"\/>\n  <title>S\u00e9jours Inoubliables<\/title>\n  <style>\n    * { box-sizing: border-box; margin: 0; padding: 0; }\n\n    body {\n      font-family: Arial, sans-serif;\n      background: #f7f7f7;\n      color: #333;\n    }\n\n    .hero {\n      position: relative;\n      text-align: center;\n      overflow: hidden;\n    }\n    .hero img {\n      width: 100%;\n      max-height: 300px;\n      object-fit: cover;\n    }\n    .hero h1 {\n      position: absolute;\n      top: 50%; left: 50%;\n      transform: translate(-50%, -50%);\n      background: rgba(0,0,0,0.5);\n      color: #fff;\n      padding: 12px 25px;\n      border-radius: 5px;\n      font-size: 2em;\n    }\n\n    .container {\n      max-width: 1200px;\n      margin: 40px auto;\n      padding: 0 20px;\n    }\n\n    .trip-block {\n      display: flex;\n      flex-wrap: wrap;\n      background: #fff;\n      margin-bottom: 20px;\n      border-radius: 8px;\n      box-shadow: 0 4px 6px rgba(0,0,0,0.1);\n      overflow: hidden;\n    }\n    .trip-block img {\n      width: 100%;\n      max-width: 300px;\n      height: 250px;\n      object-fit: cover;\n      flex-shrink: 0;\n    }\n\n    .trip-details {\n      padding: 20px;\n      flex: 1;\n      display: flex;\n      flex-direction: column;\n    }\n\n    .trip-details h2 {\n      margin-top: 0;\n      color: #d35400;\n    }\n\n    .country {\n      font-style: italic;\n      font-weight: bold;\n      color: #3498db;\n      display: inline-flex;\n      align-items: center;\n      margin-bottom: 5px;\n    }\n    .location-icon {\n      width: 16px;\n      height: 16px;\n      margin-right: 4px;\n      fill: currentColor;\n    }\n\n    .age-chip {\n      background: #000;\n      color: #fff;\n      display: inline-block;\n      padding: 4px 10px;\n      font-size: 0.8em;\n      border-radius: 999px;\n      margin-bottom: 10px;\n      width: auto;\n      max-width: fit-content;\n      white-space: nowrap;\n    }\n\n    .trip-info { margin: 10px 0; }\n    .date-row, .price-row {\n      display: flex;\n      align-items: center;\n      margin-bottom: 8px;\n    }\n\n    .date-icon, .tag-icon {\n      width: 16px;\n      height: 16px;\n      margin-right: 4px;\n      fill: #d35400;\n      flex-shrink: 0;\n    }\n\n    .trip-actions { text-align: right; margin-top: auto; }\n    .btn {\n      display: inline-block;\n      background: #3498db;\n      color: #fff;\n      text-decoration: none;\n      padding: 10px 18px;\n      border-radius: 4px;\n      margin-top: 10px;\n    }\n    .btn-terminated {\n      background: #95a5a6;\n      cursor: not-allowed;\n    }\n  <\/style>\n<\/head>\n<body>\n\n  <!-- HERO -->\n  <section class=\"hero\">\n    <img data-recalc-dims=\"1\" decoding=\"async\" src=\"https:\/\/i0.wp.com\/www.jmlib.be\/site\/wp-content\/uploads\/2025\/02\/JML-train.jpg?w=640&#038;ssl=1\" alt=\"Train S\u00e9jour\">\n    <h1>D\u00e9couvrez nos s\u00e9jours<\/h1>\n  <\/section>\n\n  <div class=\"container\">\n\n    <!-- 1) S\u00e9jour Aventure -->\n    <div class=\"trip-block\">\n      <img data-recalc-dims=\"1\" decoding=\"async\" src=\"https:\/\/i0.wp.com\/www.jmlib.be\/site\/wp-content\/uploads\/2026\/02\/stage-aventure.jpg?w=640&#038;ssl=1\"\n           alt=\"S\u00e9jour Aventure Belgique\">\n      <div class=\"trip-details\">\n        <h2>S\u00e9jour Aventure<\/h2>\n\n        <div class=\"country\">\n          <svg class=\"location-icon\" xmlns=\"http:\/\/www.w3.org\/2000\/svg\" viewBox=\"0 0 24 24\">\n            <path d=\"M12 2C8.13 2 5 5.13 5 9c0 5.25 7 13 7 \n                     13s7-7.75 7-13c0-3.87-3.13-7-7-7zm0 \n                     9.5c-1.38 0-2.5-1.12-2.5-2.5S10.62 \n                     6.5 12 6.5s2.5 1.12 2.5 \n                     2.5S13.38 11.5 12 11.5z\"\/>\n          <\/svg>\n          Malmedy, Belgique \ud83c\udde7\ud83c\uddea\n        <\/div>\n\n        <div class=\"age-chip\">8-15 ans<\/div>\n\n        <div class=\"trip-info\">\n          <div class=\"date-row\">\n            <svg class=\"date-icon\" xmlns=\"http:\/\/www.w3.org\/2000\/svg\" viewBox=\"0 0 24 24\">\n              <path d=\"M19 3h-1V1h-2v2H8V1H6v2H5C3.35 \n                       3 2 4.35 2 6v14c0 1.65 \n                       1.35 3 3 3h14c1.65 0 \n                       3-1.35 3-3V6c0-1.65-1.35-3-3-3zm1 \n                       17c0 .55-.45 1-1 1H5c-.55 \n                       0-1-.45-1-1V9h16v11z\"\/>\n            <\/svg>\n            Du 01 au 08 ao\u00fbt 2026\n          <\/div>\n\n          <div class=\"price-row\">\n            <svg class=\"tag-icon\" xmlns=\"http:\/\/www.w3.org\/2000\/svg\" viewBox=\"0 0 24 24\">\n              <path d=\"M21.41 11.58l-9-9A2 2 \n                       0 0011 2H4a2 2 0 \n                       00-2 2v7c0 .53.21 1.04.59 \n                       1.41l9 9a2 2 0 002.82 \n                       0l7-7a2 2 0 \n                       000-2.83zM7.5 7.5A1.5 1.5 \n                       0 119 9a1.5 1.5 0 01-1.5-1.5z\"\/>\n            <\/svg>\n            320\u20ac\n          <\/div>\n        <\/div>\n\n        <div class=\"trip-actions\">\n          <a href=\"https:\/\/www.jmlib.be\/site\/sejour-aventure\/\" class=\"btn\">En savoir plus<\/a>\n        <\/div>\n      <\/div>\n    <\/div>\n\n    <!-- 2) S\u00e9jour Ski Carnaval \u2013 TERMIN\u00c9 -->\n    <div class=\"trip-block\">\n      <img data-recalc-dims=\"1\" decoding=\"async\" src=\"https:\/\/i0.wp.com\/www.jmlib.be\/site\/wp-content\/uploads\/2024\/11\/384229220-4-1-1-scaled.jpg?w=640&#038;ssl=1\"\n           alt=\"S\u00e9jour Ski Moena Italie\">\n      <div class=\"trip-details\">\n        <h2>Ski Carnaval<\/h2>\n\n        <div class=\"country\">\n          <svg class=\"location-icon\" xmlns=\"http:\/\/www.w3.org\/2000\/svg\" viewBox=\"0 0 24 24\">\n            <path d=\"M12 2C8.13 2 5 5.13 5 9c0 5.25 7 13 7 13s7-7.75 7-13c0-3.87-3.13-7-7-7zm0 9.5c-1.38 \n                     0-2.5-1.12-2.5-2.5S10.62 6.5 12 6.5s2.5 1.12 2.5 2.5S13.38 11.5 12 11.5z\"\/>\n          <\/svg>\n          Moena, Italie \ud83c\uddee\ud83c\uddf9\n        <\/div>\n\n        <div class=\"age-chip\">Ouvert \u00e0 tous<\/div>\n\n        <div class=\"trip-info\">\n          <div class=\"date-row\">\n            <svg class=\"date-icon\" xmlns=\"http:\/\/www.w3.org\/2000\/svg\" viewBox=\"0 0 24 24\">\n              <path d=\"M19 3h-1V1h-2v2H8V1H6v2H5C3.35 \n                       3 2 4.35 2 6v14c0 1.65 \n                       1.35 3 3 3h14c1.65 0 \n                       3-1.35 3-3V6c0-1.65-1.35-3-3-3zm1 \n                       17c0 .55-.45 1-1 1H5c-.55 \n                       0-1-.45-1-1V9h16v11z\"\/>\n            <\/svg>\n            Du 14 au 21 f\u00e9vrier 2026\n          <\/div>\n\n          <div class=\"price-row\">\n            <svg class=\"tag-icon\" xmlns=\"http:\/\/www.w3.org\/2000\/svg\" viewBox=\"0 0 24 24\">\n              <path d=\"M21.41 11.58l-9-9A2 2 \n                       0 0011 2H4a2 2 0 \n                       00-2 2v7c0 .53.21 1.04.59 \n                       1.41l9 9a2 2 0 002.82 \n                       0l7-7a2 2 0 \n                       000-2.83zM7.5 7.5A1.5 1.5 \n                       0 119 9a1.5 1.5 0 01-1.5-1.5z\"\/>\n            <\/svg>\n            Tout d\u00e9pend des options\n          <\/div>\n        <\/div>\n\n        <div class=\"trip-actions\">\n          <span class=\"btn btn-terminated\">TERMIN\u00c9<\/span>\n        <\/div>\n      <\/div>\n    <\/div>\n\n    <!-- 3) S\u00e9jour Linguistique \u2013 TERMIN\u00c9 -->\n    <div class=\"trip-block\">\n      <img data-recalc-dims=\"1\" decoding=\"async\" src=\"https:\/\/i0.wp.com\/www.jmlib.be\/site\/wp-content\/uploads\/2025\/03\/aan-de-plats.jpg?w=640&#038;ssl=1\"\n           alt=\"S\u00e9jour Linguistique Bruges\">\n      <div class=\"trip-details\">\n        <h2>S\u00e9jour Linguistique<\/h2>\n\n        <div class=\"country\">\n          <svg class=\"location-icon\" xmlns=\"http:\/\/www.w3.org\/2000\/svg\" viewBox=\"0 0 24 24\">\n            <path d=\"M12 2C8.13 2 5 5.13 5 9c0 5.25 7 13 7 \n                     13s7-7.75 7-13c0-3.87-3.13-7-7-7zm0 \n                     9.5c-1.38 0-2.5-1.12-2.5-2.5S10.62 \n                     6.5 12 6.5s2.5 1.12 2.5 \n                     2.5S13.38 11.5 12 11.5z\"\/>\n          <\/svg>\n          Bruges, Belgique \ud83c\udde7\ud83c\uddea\n        <\/div>\n\n        <div class=\"age-chip\">10-17 ans<\/div>\n\n        <div class=\"trip-info\">\n          <div class=\"date-row\">\n            <svg class=\"date-icon\" xmlns=\"http:\/\/www.w3.org\/2000\/svg\" viewBox=\"0 0 24 24\">\n              <path d=\"M19 3h-1V1h-2v2H8V1H6v2H5C3.35 \n                       3 2 4.35 2 6v14c0 1.65 \n                       1.35 3 3 3h14c1.65 0 \n                       3-1.35 3-3V6c0-1.65-1.35-3-3-3zm1 \n                       17c0 .55-.45 1-1 1H5c-.55 \n                       0-1-.45-1-1V9h16v11z\"\/>\n            <\/svg>\n            Chaque semaine de juillet \u00e0 ao\u00fbt\n          <\/div>\n\n          <div class=\"price-row\">\n            <svg class=\"tag-icon\" xmlns=\"http:\/\/www.w3.org\/2000\/svg\" viewBox=\"0 0 24 24\">\n              <path d=\"M21.41 11.58l-9-9A2 2 \n                       0 0011 2H4a2 2 0 \n                       00-2 2v7c0 .53.21 1.04.59 \n                       1.41l9 9a2 2 0 002.82 \n                       0l7-7a2 2 0 \n                       000-2.83zM7.5 7.5A1.5 1.5 \n                       0 119 9a1.5 1.5 0 01-1.5-1.5z\"\/>\n            <\/svg>\n            Tout d\u00e9pend des options\n          <\/div>\n        <\/div>\n\n        <div class=\"trip-actions\">\n          <span class=\"btn btn-terminated\">TERMIN\u00c9<\/span>\n        <\/div>\n      <\/div>\n    <\/div>\n\n  <\/div>\n<\/body>\n<\/html>\n\n\n\n<p><\/p>\n","protected":false},"excerpt":{"rendered":"<p>S\u00e9jours Inoubliables D\u00e9couvrez nos s\u00e9jours S\u00e9jour Aventure Malmedy, Belgique \ud83c\udde7\ud83c\uddea 8-15 ans Du 01 au 08 ao\u00fbt 2026 320\u20ac En savoir plus Ski Carnaval Moena, Italie \ud83c\uddee\ud83c\uddf9 Ouvert \u00e0 tous Du 14 au 21 f\u00e9vrier 2026 Tout d\u00e9pend des options TERMIN\u00c9 S\u00e9jour Linguistique Bruges, Belgique \ud83c\udde7\ud83c\uddea 10-17 ans Chaque semaine de juillet \u00e0 ao\u00fbt Tout<a href=\"https:\/\/www.jmlib.be\/site\/decouvrez-nos-sejours\/\">[&#8230;]<\/a><\/p>\n","protected":false},"author":1,"featured_media":0,"parent":0,"menu_order":0,"comment_status":"closed","ping_status":"closed","template":"template-fullwidth.php","meta":{"jetpack_post_was_ever_published":false,"footnotes":""},"class_list":["post-15652","page","type-page","status-publish","hentry"],"jetpack_sharing_enabled":true,"jetpack_shortlink":"https:\/\/wp.me\/P93my9-44s","jetpack-related-posts":[{"id":17259,"url":"https:\/\/www.jmlib.be\/site\/stage-carnval-du-monde-a-la-louviere\/","url_meta":{"origin":15652,"position":0},"title":"Stage Carnaval du monde \u00e0 La Louvi\u00e8re","author":"jmlib","date":"11 d\u00e9cembre 2025","format":false,"excerpt":"Stage Carnaval du Monde : une semaine haute en couleurs \ud83c\udfad Carnaval du Monde \ud83c\udf89 Une semaine magique autour des carnavals du monde Un stage haut en couleurs ! Du 23 au 27 f\u00e9vrier 2026, les enfants de 6 \u00e0 12 ans sont invit\u00e9s \u00e0 d\u00e9couvrir les traditions carnavalesques du\u2026","rel":"","context":"Article similaire","block_context":{"text":"Article similaire","link":""},"img":{"alt_text":"","src":"","width":0,"height":0},"classes":[]},{"id":15749,"url":"https:\/\/www.jmlib.be\/site\/ciao-roma\/","url_meta":{"origin":15652,"position":1},"title":"Ciao Roma","author":"jmlib","date":"18 f\u00e9vrier 2025","format":false,"excerpt":"\u00a0 Ciao Roma VIVEZ L\u2019AVENTURE \u00c0 ROME ! Chaque voyage est une d\u00e9couverte, chaque destination est une le\u00e7on de vie. Tu as entre 15 et 17 ans ? Les JML t\u2019offrent la possibilit\u00e9 d\u2019explorer le monde, de rencontrer d\u2019autres cultures et de vivre des exp\u00e9riences inoubliables, dans un cadre s\u00e9curis\u00e9\u2026","rel":"","context":"Article similaire","block_context":{"text":"Article similaire","link":""},"img":{"alt_text":"","src":"https:\/\/i0.wp.com\/www.jmlib.be\/site\/wp-content\/uploads\/2025\/02\/Design-sans-titre-2-212x300.png?resize=350%2C200&ssl=1","width":350,"height":200},"classes":[]},{"id":17188,"url":"https:\/\/www.jmlib.be\/site\/histoires-en-couleurs-a-tilff\/","url_meta":{"origin":15652,"position":2},"title":"Histoires en couleurs \u00e0 Tilff","author":"jmlib","date":"25 novembre 2025","format":false,"excerpt":"Histoires en couleurs - Stage cr\u00e9atif \u00e9criture et dessin pour enfants Histoires en couleurs Stage cr\u00e9atif \ud83d\udc66\ud83d\udc67 09 \u00e0 12 ans | \ud83d\udcc5 Du 16 au 20 f\u00e9vrier Un stage cr\u00e9atif pour imaginer et cr\u00e9er ! Du 16 au 20 f\u00e9vrier 2026, les enfants de 9 \u00e0 12 ans sont\u2026","rel":"","context":"Article similaire","block_context":{"text":"Article similaire","link":""},"img":{"alt_text":"","src":"","width":0,"height":0},"classes":[]},{"id":17216,"url":"https:\/\/www.jmlib.be\/site\/art-recup\/","url_meta":{"origin":15652,"position":3},"title":"Art &#038; R\u00e9cup","author":"jmlib","date":"28 novembre 2025","format":false,"excerpt":"Art & R\u00e9cup \u00e0 Tilff' - Stage cr\u00e9atif recyclage et cr\u00e9ation pour enfants Art & R\u00e9cup'\u00e0 Tilff Stage cr\u00e9atif recyclage \ud83d\udc66\ud83d\udc67 09 \u00e0 12 ans | \ud83d\udcc5 Du 4 au 8 mai Transformer, cr\u00e9er, recycler ! Du 4 au 8 mai 2026, les enfants de 9 \u00e0 12 ans sont\u2026","rel":"","context":"Article similaire","block_context":{"text":"Article similaire","link":""},"img":{"alt_text":"","src":"","width":0,"height":0},"classes":[]},{"id":16889,"url":"https:\/\/www.jmlib.be\/site\/tresors-dautomne\/","url_meta":{"origin":15652,"position":4},"title":"Tr\u00e9sors d&rsquo;automne","author":"jmlib","date":"8 septembre 2025","format":false,"excerpt":"Stage Tr\u00e9sors d'automne : entre nature, cr\u00e9ativit\u00e9 et gourmandises Tr\u00e9sors d'Automne Entre nature, cr\u00e9ativit\u00e9 et gourmandises Une semaine magique dans les couleurs d'automne ! Du 20 au 24 octobre 2025, les enfants de 6 \u00e0 12 ans sont invit\u00e9s \u00e0 d\u00e9couvrir les tr\u00e9sors de l'automne \u00e0 Anderlues. Un stage nature\u2026","rel":"","context":"Article similaire","block_context":{"text":"Article similaire","link":""},"img":{"alt_text":"","src":"","width":0,"height":0},"classes":[]},{"id":15720,"url":"https:\/\/www.jmlib.be\/site\/stage-chill-fun\/","url_meta":{"origin":15652,"position":5},"title":"Stage Chill &#038; Fun","author":"jmlib","date":"17 f\u00e9vrier 2025","format":false,"excerpt":"Stage Chill & Fun - Jeux, films & amusements pour ados curieux Stage Chill & Fun Jeux, films & amusements pour ados curieux Une semaine chill pour les ados ! Du 20 au 24 octobre 2025, les adolescents de 10 \u00e0 18 ans sont invit\u00e9s \u00e0 vivre une semaine d\u00e9contract\u00e9e\u2026","rel":"","context":"Article similaire","block_context":{"text":"Article similaire","link":""},"img":{"alt_text":"","src":"","width":0,"height":0},"classes":[]}],"jetpack_likes_enabled":true,"_links":{"self":[{"href":"https:\/\/www.jmlib.be\/site\/wp-json\/wp\/v2\/pages\/15652","targetHints":{"allow":["GET"]}}],"collection":[{"href":"https:\/\/www.jmlib.be\/site\/wp-json\/wp\/v2\/pages"}],"about":[{"href":"https:\/\/www.jmlib.be\/site\/wp-json\/wp\/v2\/types\/page"}],"author":[{"embeddable":true,"href":"https:\/\/www.jmlib.be\/site\/wp-json\/wp\/v2\/users\/1"}],"replies":[{"embeddable":true,"href":"https:\/\/www.jmlib.be\/site\/wp-json\/wp\/v2\/comments?post=15652"}],"version-history":[{"count":52,"href":"https:\/\/www.jmlib.be\/site\/wp-json\/wp\/v2\/pages\/15652\/revisions"}],"predecessor-version":[{"id":17429,"href":"https:\/\/www.jmlib.be\/site\/wp-json\/wp\/v2\/pages\/15652\/revisions\/17429"}],"wp:attachment":[{"href":"https:\/\/www.jmlib.be\/site\/wp-json\/wp\/v2\/media?parent=15652"}],"curies":[{"name":"wp","href":"https:\/\/api.w.org\/{rel}","templated":true}]}}