{"id":15627,"date":"2025-02-12T11:17:01","date_gmt":"2025-02-12T10:17:01","guid":{"rendered":"https:\/\/www.jmlib.be\/site\/?page_id=15627"},"modified":"2026-02-18T10:25:47","modified_gmt":"2026-02-18T09:25:47","slug":"rattrapage-scolaire","status":"publish","type":"page","link":"https:\/\/www.jmlib.be\/site\/rattrapage-scolaire\/","title":{"rendered":"Rattrapage scolaire"},"content":{"rendered":"\n<!DOCTYPE html>\n<html lang=\"fr\">\n<head>\n  <meta charset=\"UTF-8\">\n  <meta name=\"viewport\" content=\"width=device-width, initial-scale=1.0\">\n  <title>Rattrapage scolaire &#8211; JML<\/title>\n  <link href=\"https:\/\/cdnjs.cloudflare.com\/ajax\/libs\/tailwindcss\/2.2.19\/tailwind.min.css\" rel=\"stylesheet\">\n  <style>\n    \/* Forcer la couleur orange pour les titres *\/\n    .text-orange-600 {\n      color: #ea580c !important;\n    }\n  <\/style>\n<\/head>\n<body class=\"bg-white text-gray-900\">\n  <!-- En-t\u00eate -->\n  <header class=\"bg-gradient-to-r from-blue-500 to-blue-700 text-white py-10\">\n    <div class=\"container mx-auto px-4\">\n      <h1 class=\"text-4xl font-bold\">Rattrapage scolaire<\/h1>\n      <p class=\"mt-4 text-lg max-w-2xl\">\n        Math\u00e9matiques, Anglais, N\u00e9erlandais, Fran\u00e7ais,\u2026<br>\n        Votre enfant a des difficult\u00e9s scolaires dans l&rsquo;une ou l&rsquo;autre mati\u00e8re ???<br>\n        Il a besoin d&rsquo;un coup de pouce pendant l&rsquo;ann\u00e9e ou souhaite se pr\u00e9parer pour les examens ???<br>\n        Ne cherchez plus, nous pouvons l&rsquo;aider !\n      <\/p>\n    <\/div>\n  <\/header>\n  \n  <!-- Grille 2\u00d72 pour les 4 blocs principaux -->\n  <section class=\"container mx-auto px-4 py-8\">\n    <div class=\"grid grid-cols-1 md:grid-cols-2 gap-8\">\n      <!-- Bloc 1 : Concr\u00e8tement -->\n      <div class=\"p-8 border border-gray-300 rounded-lg shadow-xl\">\n        <div class=\"flex items-center space-x-3 mb-4\">\n          <!-- Pictogramme \"pencil\" en jaune -->\n          <svg xmlns=\"http:\/\/www.w3.org\/2000\/svg\" class=\"h-6 w-6 text-yellow-500\" fill=\"none\" viewBox=\"0 0 24 24\" stroke=\"currentColor\">\n            <path stroke-linecap=\"round\" stroke-linejoin=\"round\" stroke-width=\"2\" d=\"M11 4H6a2 2 0 00-2 2v12a2 2 0 002 2h12a2 2 0 002-2v-5\" \/>\n            <path stroke-linecap=\"round\" stroke-linejoin=\"round\" stroke-width=\"2\" d=\"M18.5 2.5a2.121 2.121 0 113 3L12 15l-4 1 1-4 9.5-9.5z\" \/>\n          <\/svg>\n          <h2 class=\"text-2xl font-bold text-orange-600\">Concr\u00e8tement<\/h2>\n        <\/div>\n        <p class=\"text-base\">\n          Vous prenez contact avec l&rsquo;assistante sociale coordinatrice de votre r\u00e9gion aux heures de bureau.<br>\n          Les demandes seront prises en consid\u00e9ration par ordre d&rsquo;appel.<br>\n          Les cours s&rsquo;organisent par modules pour un groupe, en fonction des demandes.<br>\n          Une confirmation de l&rsquo;inscription vous sera adress\u00e9e par courrier.<br>\n          <strong>CE SERVICE EST DIFFERENT D&rsquo;UNE ECOLE DE DEVOIRS.<\/strong>\n        <\/p>\n      <\/div>\n      \n      <!-- Bloc 2 : Conditions -->\n      <div class=\"p-8 border border-gray-300 rounded-lg shadow-xl\">\n        <div class=\"flex items-center space-x-3 mb-4\">\n          <!-- Ic\u00f4ne document en violet -->\n          <svg xmlns=\"http:\/\/www.w3.org\/2000\/svg\" class=\"h-6 w-6 text-purple-500\" fill=\"none\" viewBox=\"0 0 24 24\" stroke=\"currentColor\">\n            <path stroke-linecap=\"round\" stroke-linejoin=\"round\" stroke-width=\"2\" d=\"M7 7h10M7 11h10M7 15h10M5 4h14a2 2 0 012 2v14a2 2 0 01-2 2H5a2 2 0 01-2-2V6a2 2 0 012-2z\" \/>\n          <\/svg>\n          <h2 class=\"text-2xl font-bold text-orange-600\">Conditions<\/h2>\n        <\/div>\n        <ul class=\"list-disc pl-5 text-base\">\n          <li>Accessible \u00e0 tous.<\/li>\n          <li>Fr\u00e9quenter un \u00e9tablissement d&rsquo;enseignement primaire ou secondaire.<\/li>\n        <\/ul>\n      <\/div>\n      \n      <!-- Bloc 3 : Tarifs -->\n      <div class=\"p-8 border border-gray-300 rounded-lg shadow-xl\">\n        <div class=\"flex items-center space-x-3 mb-4\">\n          <!-- Ic\u00f4ne billet en rouge -->\n          <svg xmlns=\"http:\/\/www.w3.org\/2000\/svg\" class=\"h-6 w-6 text-red-500\" viewBox=\"0 0 20 20\" fill=\"currentColor\">\n            <path d=\"M4.5 3A1.5 1.5 0 003 4.5v11A1.5 1.5 0 004.5 17h11a1.5 1.5 0 001.5-1.5v-11A1.5 1.5 0 0015.5 3h-11zM5 5h10v2H5V5zm0 4h10v6H5V9z\" \/>\n          <\/svg>\n          <h3 class=\"text-xl font-bold text-orange-600\">Tarifs<\/h3>\n        <\/div>\n        <p class=\"text-base\">\n          Le prix, les conditions et les modalit\u00e9s d&rsquo;organisation peuvent varier d&rsquo;une <strong><a href=\"https:\/\/www.lm-ml.be\/fr\" target=\"_blank\" class=\"text-blue-600 hover:underline\" rel=\"noopener\">Mutualit\u00e9 Lib\u00e9rale<\/a><\/strong> \u00e0 l&rsquo;autre.\n        <\/p>\n      <\/div>\n      \n      <!-- Bloc 4 : Coordonn\u00e9e r\u00e9gionale -->\n      <div class=\"p-8 border border-gray-300 rounded-lg shadow-xl\">\n        <div class=\"flex items-center space-x-3 mb-4\">\n          <!-- Ic\u00f4ne t\u00e9l\u00e9phone en vert -->\n          <svg xmlns=\"http:\/\/www.w3.org\/2000\/svg\" class=\"h-6 w-6 text-green-500\" fill=\"none\" viewBox=\"0 0 24 24\" stroke=\"currentColor\">\n            <path stroke-linecap=\"round\" stroke-linejoin=\"round\" stroke-width=\"2\" d=\"M3 5a2 2 0 012-2h3.28a2 2 0 011.72 1.12l1.9 3.8a2 2 0 01-.45 2.27l-2.2 2.2a11.036 11.036 0 005.52 5.52l2.2-2.2a2 2 0 012.27-.45l3.8 1.9a2 2 0 011.12 1.72V19a2 2 0 01-2 2h-1c-9.39 0-17-7.61-17-17V5z\" \/>\n          <\/svg>\n          <h3 class=\"text-xl font-bold text-orange-600\">Coordonn\u00e9e r\u00e9gionale<\/h3>\n        <\/div>\n        <p class=\"mb-2\"><strong>Brabant wallon :<\/strong> <a href=\"tel:010862830\" class=\"text-blue-600 hover:underline\">010\/86.28.30<\/a><\/p>\n      <\/div>\n    <\/div>\n  <\/section>\n  \n  <!-- Section Photo d'illustration (sans conteneur d\u00e9coratif) -->\n  <section class=\"container mx-auto px-4 py-8\">\n      <img data-recalc-dims=\"1\" decoding=\"async\" src=\"https:\/\/i0.wp.com\/www.jmlib.be\/site\/wp-content\/uploads\/2017\/03\/stock-image-16625339.jpg?w=640&#038;ssl=1\" alt=\"Illustration\" class=\"mx-auto max-w-md\">\n  <\/section>\n  \n  <!-- Footer vide -->\n  <footer class=\"py-4\">\n    <div class=\"container mx-auto px-4 text-center\">\n      <!-- Footer vide -->\n    <\/div>\n  <\/footer>\n<\/body>\n<\/html>\n","protected":false},"excerpt":{"rendered":"<p>Rattrapage scolaire &#8211; JML Rattrapage scolaire Math\u00e9matiques, Anglais, N\u00e9erlandais, Fran\u00e7ais,\u2026 Votre enfant a des difficult\u00e9s scolaires dans l&rsquo;une ou l&rsquo;autre mati\u00e8re ??? Il a besoin d&rsquo;un coup de pouce pendant l&rsquo;ann\u00e9e ou souhaite se pr\u00e9parer pour les examens ??? Ne cherchez plus, nous pouvons l&rsquo;aider ! Concr\u00e8tement Vous prenez contact avec l&rsquo;assistante sociale coordinatrice de<a href=\"https:\/\/www.jmlib.be\/site\/rattrapage-scolaire\/\">[&#8230;]<\/a><\/p>\n","protected":false},"author":1,"featured_media":0,"parent":0,"menu_order":0,"comment_status":"closed","ping_status":"closed","template":"template-fullwidth-no-title.php","meta":{"jetpack_post_was_ever_published":false,"footnotes":""},"class_list":["post-15627","page","type-page","status-publish","hentry"],"jetpack_sharing_enabled":true,"jetpack_shortlink":"https:\/\/wp.me\/P93my9-443","jetpack-related-posts":[{"id":15441,"url":"https:\/\/www.jmlib.be\/site\/nos-regionales\/","url_meta":{"origin":15627,"position":0},"title":"Nos regionales","author":"jmlib","date":"31 janvier 2025","format":false,"excerpt":"\u2b50 D\u00e9couvre nos stages dans ta r\u00e9gion \ud83d\udcc5 D\u00e9couvre nos activit\u00e9s tout au long de l'ann\u00e9e Brabant wallon \ud83e\udd1d Assistante sociale Mme Alexandra Tiplea \ud83d\udc65 Animatrice Mme Estelle De Meyer \ud83d\udc76 Pu\u00e9ricultrice Mme Anne-\u00c9lisabeth de Viron \ud83d\udcde 010 862 830 \ud83d\udccd Av. des D\u00e9port\u00e9s, 31\/33 \u2013 1300 Wavre \u2795 Services\u2026","rel":"","context":"Article similaire","block_context":{"text":"Article similaire","link":""},"img":{"alt_text":"","src":"","width":0,"height":0},"classes":[]},{"id":17280,"url":"https:\/\/www.jmlib.be\/site\/regional\/","url_meta":{"origin":15627,"position":1},"title":"R\u00e9gional","author":"jmlib","date":"19 d\u00e9cembre 2025","format":false,"excerpt":"\ud83c\udf1f Contacts JML \u2b50 Stages dans ta r\u00e9gion \ud83d\udcc5 Activit\u00e9s toute l'ann\u00e9e Brabant wallon \ud83e\udd1d Assistante sociale Alexandra Tiplea \ud83c\udfa8 Animatrice Estelle De Meyer \ud83d\udc76 Pu\u00e9ricultrice Anne-\u00c9lisabeth de Viron \ud83d\udcde010 862 830 \ud83d\udccdAv. des D\u00e9port\u00e9s, 31\/33 \u2013 1300 Wavre Services disponibles \ud83c\udfe5 Garde enfants malades \ud83d\udcda Rattrapage scolaire Hainaut-Ouest \ud83c\udfa8\u2026","rel":"","context":"Article similaire","block_context":{"text":"Article similaire","link":""},"img":{"alt_text":"","src":"","width":0,"height":0},"classes":[]},{"id":16827,"url":"https:\/\/www.jmlib.be\/site\/expression-orale-et-corporelle-a-lecole-de-tilly\/","url_meta":{"origin":15627,"position":2},"title":"Expression Orale et corporelle \u00e0 l&rsquo;\u00e9cole de Tilly !","author":"jmlib","date":"26 ao\u00fbt 2025","format":false,"excerpt":"Projet Expression Orale et Corporelle - Tilly Expression orale et corporelle \u00e0 l'\u00e9cole de Tilly ! \u2728 Expression orale et corporelle avec les enfants de Tilly Nous sommes ravis de vous pr\u00e9senter notre nouveau projet d'expression orale et corporelle en collaboration avec l'\u00e9cole de Tilly ! \u00c0 partir du 19\u2026","rel":"","context":"Article similaire","block_context":{"text":"Article similaire","link":""},"img":{"alt_text":"","src":"","width":0,"height":0},"classes":[]},{"id":14296,"url":"https:\/\/www.jmlib.be\/site\/rgpd\/","url_meta":{"origin":15627,"position":3},"title":"RGPD","author":"jmlib","date":"12 janvier 2023","format":false,"excerpt":"Politique de confidentialit\u00e9 Politique de confidentialit\u00e9 Notre association, JML asbl, est consciente de l'importance de prot\u00e9ger vos donn\u00e9es \u00e0 caract\u00e8re personnel. Cette politique de confidentialit\u00e9 a pour but de vous informer sur les types de donn\u00e9es que nous collectons, les raisons de cette collecte et les mesures que nous prenons\u2026","rel":"","context":"Article similaire","block_context":{"text":"Article similaire","link":""},"img":{"alt_text":"","src":"","width":0,"height":0},"classes":[]},{"id":15948,"url":"https:\/\/www.jmlib.be\/site\/zootherapie-2\/","url_meta":{"origin":15627,"position":4},"title":"Zooth\u00e9rapie","author":"jmlib","date":"26 f\u00e9vrier 2025","format":false,"excerpt":"Zooth\u00e9rapie Zooth\u00e9rapie \ud83d\ude80 Un projet innovant depuis 2016 Depuis 2016, en collaboration avec la MLL, l\u2019ALPH et l\u2019\u00e9cole \u00ab La parenth\u00e8se, ESSPCF, Lieutenant Jacquemin \u00bb de Vis\u00e9 (r\u00e9gion li\u00e9geoise), les JML ont mis en place un projet d\u2019asinoth\u00e9rapie \u00e0 l\u2019asinerie de Pontisse. Apr\u00e8s 5 ans de s\u00e9ances pour des classes\u2026","rel":"","context":"Article similaire","block_context":{"text":"Article similaire","link":""},"img":{"alt_text":"","src":"","width":0,"height":0},"classes":[]},{"id":15926,"url":"https:\/\/www.jmlib.be\/site\/projet-musical-avec-les-enfants-de-tilly\/","url_meta":{"origin":15627,"position":5},"title":"\u00a0Projet Musical avec les Enfants de Tilly","author":"jmlib","date":"26 f\u00e9vrier 2025","format":false,"excerpt":"Projet Musical Tilly - Accueil Projet Musical avec les Enfants de Tilly ! \ud83c\udfb6\ud83d\ude0a Projet Musical avec les Enfants de Tilly Nous sommes ravis de vous annoncer notre tout nouveau projet en collaboration avec l'\u00e9cole maternelle et primaire de Tilly ! \u00c0 partir du 16 septembre 2025, nous animerons 25\u2026","rel":"","context":"Article similaire","block_context":{"text":"Article similaire","link":""},"img":{"alt_text":"","src":"","width":0,"height":0},"classes":[]}],"jetpack_likes_enabled":true,"_links":{"self":[{"href":"https:\/\/www.jmlib.be\/site\/wp-json\/wp\/v2\/pages\/15627","targetHints":{"allow":["GET"]}}],"collection":[{"href":"https:\/\/www.jmlib.be\/site\/wp-json\/wp\/v2\/pages"}],"about":[{"href":"https:\/\/www.jmlib.be\/site\/wp-json\/wp\/v2\/types\/page"}],"author":[{"embeddable":true,"href":"https:\/\/www.jmlib.be\/site\/wp-json\/wp\/v2\/users\/1"}],"replies":[{"embeddable":true,"href":"https:\/\/www.jmlib.be\/site\/wp-json\/wp\/v2\/comments?post=15627"}],"version-history":[{"count":11,"href":"https:\/\/www.jmlib.be\/site\/wp-json\/wp\/v2\/pages\/15627\/revisions"}],"predecessor-version":[{"id":17428,"href":"https:\/\/www.jmlib.be\/site\/wp-json\/wp\/v2\/pages\/15627\/revisions\/17428"}],"wp:attachment":[{"href":"https:\/\/www.jmlib.be\/site\/wp-json\/wp\/v2\/media?parent=15627"}],"curies":[{"name":"wp","href":"https:\/\/api.w.org\/{rel}","templated":true}]}}