{"id":15441,"date":"2025-01-31T13:54:07","date_gmt":"2025-01-31T12:54:07","guid":{"rendered":"https:\/\/www.jmlib.be\/site\/?page_id=15441"},"modified":"2026-01-16T15:56:37","modified_gmt":"2026-01-16T14:56:37","slug":"nos-regionales","status":"publish","type":"page","link":"https:\/\/www.jmlib.be\/site\/nos-regionales\/","title":{"rendered":"Nos regionales"},"content":{"rendered":"\n<!DOCTYPE html>\n<html lang=\"fr\">\n<head>\n    <meta charset=\"UTF-8\">\n    <meta name=\"viewport\" content=\"width=device-width, initial-scale=1.0\">\n    <style>\n        body { font-family: Arial, sans-serif; margin: 0; padding: 0; background-color: #f5f5f5; }\n        .container { max-width: 1200px; margin: 0 auto; padding: 20px; }\n        .grid { display: grid; grid-template-columns: repeat(2, 1fr); gap: 20px; margin-bottom: 30px; }\n        @media (max-width: 768px) { .grid { grid-template-columns: 1fr; } }\n        .card { background: white; border: 1px solid #ddd; border-radius: 8px; padding: 20px; box-shadow: 0 2px 4px rgba(0,0,0,0.1); }\n        .region-title { font-size: 24px; font-weight: 900; margin-bottom: 20px; border-bottom: 2px solid #2563eb; padding-bottom: 10px; }\n        #brabant.region-title { color: #800080; }\n        #tournai.region-title { color: #008000; }\n        #liege.region-title { color: #ADD8E6; }\n        #luxembourg.region-title { color: #d7bf88; }\n        #louviere.region-title { color: #fcd30e; }\n        #siege.region-title { color: orange; }\n        .contact-info { margin-bottom: 15px; }\n        .fonction { font-weight: 600; margin-bottom: 5px; }\n        .nom { margin-left: 20px; }\n        .nom a { color: #2563eb; text-decoration: none; }\n        .nom a:hover { text-decoration: underline; }\n        .info-line { color: #666; margin: 10px 0; }\n        .info-line a { color: #666; text-decoration: none; }\n        .info-line a:hover { text-decoration: underline; }\n        .services { margin-top: 15px; }\n        .services-title { font-weight: 600; margin-bottom: 10px; }\n        .services ul { list-style-type: disc; margin-left: 40px; }\n        .siege { margin-top: 30px; }\n        .siege-content { display: grid; grid-template-columns: repeat(2, 1fr); gap: 20px; }\n        @media (max-width: 768px) { .siege-content { grid-template-columns: 1fr; } }\n        .service-link { color: #2563eb; text-decoration: none; transition: color 0.2s; }\n        .service-link:hover { text-decoration: underline; color: #1e40af; }\n        .cta-buttons { display: flex; gap: 20px; justify-content: center; margin: 40px 0; flex-wrap: wrap; }\n        .cta-button { display: inline-block; background-color: #2563eb; color: white !important; padding: 15px 25px; border-radius: 8px; text-decoration: none; transition: all 0.3s ease; font-weight: 600; box-shadow: 0 4px 6px rgba(37,99,235,0.2); }\n        .cta-button:hover { background-color: #1e40af; color: white !important; transform: translateY(-2px); box-shadow: 0 6px 8px rgba(37,99,235,0.3); }\n    <\/style>\n<\/head>\n<body>\n    <div class=\"container\">\n        <div class=\"cta-buttons\">\n            <a href=\"https:\/\/www.jmlib.be\/site\/page-stage\/\" class=\"cta-button\">\n                \u2b50 D\u00e9couvre nos stages dans ta r\u00e9gion\n            <\/a>\n            <a href=\"https:\/\/www.jmlib.be\/site\/tout-au-long-de-lannee\/\" class=\"cta-button\">\n                \ud83d\udcc5 D\u00e9couvre nos activit\u00e9s tout au long de l&rsquo;ann\u00e9e\n            <\/a>\n        <\/div>\n        <div class=\"grid\">\n            <!-- Brabant wallon -->\n            <div class=\"card\">\n                <h2 class=\"region-title\" id=\"brabant\">Brabant wallon<\/h2>\n                <div class=\"contact-info\">\n                    <div class=\"fonction\">\ud83e\udd1d Assistante sociale<\/div>\n                    <div class=\"nom\"><a href=\"mailto:alexandra.tiplea@mutplus.be\">Mme Alexandra Tiplea<\/a><\/div>\n                <\/div>\n                <div class=\"contact-info\">\n                    <div class=\"fonction\">\ud83d\udc65 Animatrice<\/div>\n                    <div class=\"nom\"><a href=\"mailto:estelle.demeyer@mutplus.be\">Mme Estelle De Meyer<\/a><\/div>\n                <\/div>\n                <div class=\"contact-info\">\n                    <div class=\"fonction\">\ud83d\udc76 Pu\u00e9ricultrice<\/div>\n                    <div class=\"nom\"><a href=\"mailto:anne.elisabeth.de.viron@jmlib.be\">Mme Anne-\u00c9lisabeth de Viron<\/a><\/div>\n                <\/div>\n                <div class=\"info-line\">\ud83d\udcde <a href=\"tel:010862830\">010 862 830<\/a><\/div>\n                <div class=\"info-line\">\ud83d\udccd <a href=\"https:\/\/maps.app.goo.gl\/xAQCBuUXRhMfxX1W9\" target=\"_blank\" rel=\"noopener\">Av. des D\u00e9port\u00e9s, 31\/33 \u2013 1300 Wavre<\/a><\/div>\n                <div class=\"services\">\n                    <div class=\"services-title\">\u2795 Services plus :<\/div>\n                    <ul>\n                        <li><a href=\"https:\/\/www.jmlib.be\/site\/garde-denfants-malades-a-domicile\/\" class=\"service-link\">Garde d&rsquo;enfants malade \u00e0 domicile<\/a><\/li>\n                        <li><a href=\"https:\/\/www.jmlib.be\/site\/rattrapage-scolaire\/\" class=\"service-link\">Rattrapage scolaire<\/a><\/li>\n                    <\/ul>\n                <\/div>\n            <\/div>\n            <!-- Hainaut-Ouest -->\n            <div class=\"card\">\n                <h2 class=\"region-title\" id=\"tournai\">Hainaut-Ouest<\/h2>\n                <div class=\"contact-info\">\n                    <div class=\"fonction\">\ud83d\udc65 Animatrice<\/div>\n                    <div class=\"nom\"><a href=\"mailto:Gaelle.Andre@mutplus.be\">Mme Ga\u00eblle Andr\u00e9<\/a><\/div>\n                <\/div>\n                <div class=\"info-line\">\ud83d\udcde <a href=\"tel:069343833\">069 343 833<\/a><\/div>\n                <div class=\"info-line\">\ud83d\udccd <a href=\"https:\/\/maps.app.goo.gl\/gyo8E3EvUei5Fdqc7\" target=\"_blank\" rel=\"noopener\">Rue Morel, 9 \u2013 7500 Tournai<\/a><\/div>\n            <\/div>\n            <!-- La Louvi\u00e8re -->\n            <div class=\"card\">\n                <h2 class=\"region-title\" id=\"louviere\">La Louvi\u00e8re<\/h2>\n                <div class=\"contact-info\">\n                    <div class=\"fonction\">\ud83d\udc65 Animatrice<\/div>\n                    <div class=\"nom\"><a href=\"mailto:aurore.koolen@ml.be\">Mme Aurore Koolen<\/a><\/div>\n                <\/div>\n                <div class=\"info-line\">\ud83d\udcde <a href=\"tel:0492776276\">0492 77 62 76<\/a><\/div>\n                <div class=\"info-line\">\ud83d\udccd <a href=\"https:\/\/maps.app.goo.gl\/Xcdcjp5iTFx4vksAA\" target=\"_blank\" rel=\"noopener\">Boulevard Mairaux, 3 \u2013 7100 La Louvi\u00e8re<\/a><\/div>\n            <\/div>\n            <!-- Province de Li\u00e8ge -->\n            <div class=\"card\">\n                <h2 class=\"region-title\" id=\"liege\">Province de Li\u00e8ge<\/h2>\n                <div class=\"contact-info\">\n                    <div class=\"fonction\">\ud83e\udd1d Assistante sociale<\/div>\n                    <div class=\"nom\"><a href=\"mailto:ariane.guissard@ml.be\">Mme Ariane Guissard<\/a><\/div>\n                <\/div>\n                <div class=\"contact-info\">\n                    <div class=\"fonction\">\ud83d\udc65 Animatrice<\/div>\n                    <div class=\"nom\"><a href=\"mailto:marie-anne.mazurkiewicz@ml.be\">Mme Marie-Anne Mazurkiewicz<\/a><\/div>\n                <\/div>\n                <div class=\"info-line\">\ud83d\udcde <a href=\"tel:042299410\">04 229 94 10<\/a><\/div>\n                <div class=\"info-line\">\ud83d\udccd <a href=\"https:\/\/maps.app.goo.gl\/A58ywvEnX6uu55LQ6\" target=\"_blank\" rel=\"noopener\">Rue de Bruxelles, 174 G \u2013 4340 Awans<\/a><\/div>\n                <div class=\"services\">\n                    <div class=\"services-title\">\u2795 Services plus :<\/div>\n                    <ul>\n                        <li><a href=\"https:\/\/www.jmlib.be\/site\/garde-denfants-malades-a-domicile\/\" class=\"service-link\">Garde d&rsquo;enfants malade \u00e0 domicile<\/a><\/li>\n                        <li><a href=\"https:\/\/www.jmlib.be\/site\/rattrapage-scolaire\/\" class=\"service-link\">Rattrapage scolaire<\/a><\/li>\n                    <\/ul>\n                <\/div>\n            <\/div>\n            <!-- Province du Luxembourg -->\n            <div class=\"card\">\n                <h2 class=\"region-title\" id=\"luxembourg\">Province du Luxembourg<\/h2>\n                <div class=\"contact-info\">\n                    <div class=\"fonction\">\ud83d\udc65 Animatrice<\/div>\n                    <div class=\"nom\"><a href=\"mailto:sophie.moreau@ml.be\">Mme Sophie Moreau<\/a><\/div>\n                <\/div>\n                <div class=\"info-line\">\ud83d\udcde <a href=\"tel:063245315\">063 24 53 15<\/a><\/div>\n                <div class=\"info-line\">\ud83d\udccd <a href=\"https:\/\/maps.app.goo.gl\/3bVK8DBN8KPPkMqW8\" target=\"_blank\" rel=\"noopener\">Av. de la Gare, 37 \u2013 6700 Arlon<\/a><\/div>\n            <\/div>\n        <\/div>\n\n        <!-- Si\u00e8ge -->\n        <div class=\"card siege\">\n            <h2 class=\"region-title\" id=\"siege\">Si\u00e8ge<\/h2>\n            <div class=\"siege-content\">\n                <div>\n                    <div class=\"contact-info\">\n                        <div class=\"fonction\">\ud83d\udc69\u200d\ud83d\udcbc Directrice<\/div>\n                        <div class=\"nom\"><a href=\"mailto:paulien.knaepen@jmlib.be\">Mme Paulien Knaepen<\/a><\/div>\n                    <\/div>\n\n                    <div class=\"contact-info\">\n                        <div class=\"fonction\">\u2699\ufe0f Coordinateur \u2013 Formations animateurs<\/div>\n                        <div class=\"nom\"><a href=\"mailto:quentin.animation.jml@gmail.com\">M. Quentin D.<\/a><\/div>\n                    <\/div>\n                    <div class=\"contact-info\">\n                        <div class=\"fonction\">\ud83e\uddee Secr\u00e9taire &#8211; Comptable<\/div>\n                        <div class=\"nom\"><a href=\"mailto:meryem.boutsakourin@jmlib.be\">Mme Meryem Boutsakourin<\/a><\/div>\n                        <div class=\"info-line\">\ud83d\udcde <a href=\"tel:026152494\">02 615 24 94<\/a><\/div>\n                    <\/div>\n                    <div class=\"contact-info\">\n                        <div class=\"fonction\">\ud83d\udcac Charg\u00e9e de communication<\/div>\n                        <div class=\"nom\"><a href=\"mailto:natasha.dojcinov@ml.be\">Mme Natasha Dojcinov<\/a><\/div>\n                        <div class=\"info-line\">\ud83d\udcde <a href=\"tel:026152491\">02 615 24 91<\/a><\/div>\n                    <\/div>\n                <\/div>\n                <div>\n                    <div class=\"info-line\">\ud83d\udcde <a href=\"tel:025371903\">02 537 19 03 (Num\u00e9ro g\u00e9n\u00e9ral)<\/a><\/div>\n                    <div class=\"info-line\">\ud83d\udccd <a href=\"https:\/\/maps.app.goo.gl\/4Hi25rc1hg981Xwd9\" target=\"_blank\" rel=\"noopener\">Rue de Livourne, 25 \u2013 1050 Bruxelles<\/a><\/div>\n                <\/div>\n            <\/div>\n        <\/div>\n    <\/div>\n<\/body>\n<\/html>\n\n\n\n<p><\/p>\n","protected":false},"excerpt":{"rendered":"<p>\u2b50 D\u00e9couvre nos stages dans ta r\u00e9gion \ud83d\udcc5 D\u00e9couvre nos activit\u00e9s tout au long de l&rsquo;ann\u00e9e Brabant wallon \ud83e\udd1d Assistante sociale Mme Alexandra Tiplea \ud83d\udc65 Animatrice Mme Estelle De Meyer \ud83d\udc76 Pu\u00e9ricultrice Mme Anne-\u00c9lisabeth de Viron \ud83d\udcde 010 862 830 \ud83d\udccd Av. des D\u00e9port\u00e9s, 31\/33 \u2013 1300 Wavre \u2795 Services plus : Garde d&rsquo;enfants malade<a href=\"https:\/\/www.jmlib.be\/site\/nos-regionales\/\">[&#8230;]<\/a><\/p>\n","protected":false},"author":1,"featured_media":0,"parent":0,"menu_order":0,"comment_status":"closed","ping_status":"closed","template":"template-fullwidth-no-title.php","meta":{"jetpack_post_was_ever_published":false,"footnotes":""},"class_list":["post-15441","page","type-page","status-publish","hentry"],"jetpack_sharing_enabled":true,"jetpack_shortlink":"https:\/\/wp.me\/P93my9-413","jetpack-related-posts":[{"id":16642,"url":"https:\/\/www.jmlib.be\/site\/mes-droits-ressentir-reflechir-reagir-2\/","url_meta":{"origin":15441,"position":0},"title":"Mes droits. Ressentir, r\u00e9fl\u00e9chir, r\u00e9agir","author":"jmlib","date":"24 juin 2025","format":false,"excerpt":"Sensibilisation aux Droits des femmes - 30 Septembre 2025 Sensibilisation aux droits des femmes L'\u00e9galit\u00e9 homme-femme : une vision par les jeunes \ud83d\udcc5 Mardi 30 septembre 2025 | \u23f0 16h30 - 18h30 Une approche participative centr\u00e9e sur l'exp\u00e9rience des jeunes pour explorer l'\u00e9volution de la place de la femme dans\u2026","rel":"","context":"Article similaire","block_context":{"text":"Article similaire","link":""},"img":{"alt_text":"","src":"","width":0,"height":0},"classes":[]},{"id":16729,"url":"https:\/\/www.jmlib.be\/site\/cetait-pour-rire-stop-au-harcelement\/","url_meta":{"origin":15441,"position":1},"title":"C&rsquo;\u00e9tait pour rire&#8230; Stop au harc\u00e8lement","author":"jmlib","date":"17 juillet 2025","format":false,"excerpt":"C'\u00e9tait pour rire... Stop au harc\u00e8lement - 8 Octobre 2025 C'\u00e9tait pour rire... Stop au harc\u00e8lement Sensibilisation et pr\u00e9vention pour un environnement respectueux \ud83d\udcc5 Mercredi 8 octobre 2025 | \u23f0 14h00 - 16h00 Ensemble contre le harc\u00e8lement et le cyberharc\u00e8lement Une session de sensibilisation interactive sur le harc\u00e8lement et le\u2026","rel":"","context":"Article similaire","block_context":{"text":"Article similaire","link":""},"img":{"alt_text":"","src":"","width":0,"height":0},"classes":[]},{"id":17080,"url":"https:\/\/www.jmlib.be\/site\/ski-2026\/","url_meta":{"origin":15441,"position":2},"title":"Ski 2026","author":"jmlib","date":"4 novembre 2025","format":false,"excerpt":"H\u00f4tel Miravalle - S\u00e9jour Ski Dolomites 2026 Carnaval JML en altitude \u26f7\ufe0f Moena \ud83c\uddee\ud83c\uddf9 \ud83c\udfad Carnaval \ud83c\udfad \ud83d\udcc5 14 - 21 F\u00e9vrier 2026 O\u00f9 se d\u00e9roule le s\u00e9jour ? \ud83c\udfd4\ufe0f DOLOMITI > MOENA \/ ITALIE \ud83c\uddee\ud83c\uddf9 Venez nous rejoindre en famille ou entre amis pendant la p\u00e9riode de Carnaval et\u2026","rel":"","context":"Article similaire","block_context":{"text":"Article similaire","link":""},"img":{"alt_text":"","src":"","width":0,"height":0},"classes":[]},{"id":16925,"url":"https:\/\/www.jmlib.be\/site\/createliers-du-mardi\/","url_meta":{"origin":15441,"position":3},"title":"Cr\u00e9ateliers du mardi","author":"jmlib","date":"12 septembre 2025","format":false,"excerpt":"Cr\u00e9Ateliers du Mardi - ASBL JML Gratuit! CR\u00c9ATELIERS DU MARDI TU ES EN PRIMAIRE? VIENS PARTAGER TES ID\u00c9ES ET TA CR\u00c9ATIVIT\u00c9! Un voyage cr\u00e9atif pour chaque enfant L'ann\u00e9e derni\u00e8re, l'ASBL JML a offert aux \u00e9l\u00e8ves de l'\u00e9cole communale de Hony l'opportunit\u00e9 de participer \u00e0 des ateliers cr\u00e9atifs, leur permettant de\u2026","rel":"","context":"Article similaire","block_context":{"text":"Article similaire","link":""},"img":{"alt_text":"","src":"","width":0,"height":0},"classes":[]},{"id":14931,"url":"https:\/\/www.jmlib.be\/site\/atelier-createliers-du-mardi-a-hony\/","url_meta":{"origin":15441,"position":4},"title":"Atelier cr\u00e9ateliers du Mardi \u00e0 Hony","author":"jmlib","date":"16 d\u00e9cembre 2024","format":false,"excerpt":"Contact:Animatrice:\u00a0Mme Marie Anne MazurkiewiczT\u00e9l.: 0486 20 58 27 \/ Mail: Marie Anne Mazurkiewicz","rel":"","context":"Article similaire","block_context":{"text":"Article similaire","link":""},"img":{"alt_text":"","src":"","width":0,"height":0},"classes":[]},{"id":16016,"url":"https:\/\/www.jmlib.be\/site\/les-actis-des-mercredis-aprems\/","url_meta":{"origin":15441,"position":5},"title":"Les actis des mercredis apr\u00e8ms","author":"jmlib","date":"28 f\u00e9vrier 2025","format":false,"excerpt":"Les actis des mercredis aprems - JML asbl LES ACTISDES MERCREDIS APREMS PROPOS\u00c9ES PAR les JML d'Arlon en collaboration avec la ML Li\u00e8ge-Luxembourg. GRATUIT. \u00a0POUR ADOS DE 10 \u00c0 18 ANS. \u00a0TOUS LES MERCREDIS APR\u00c8S-MIDI. \u00a0DE 13H \u00c0 16H. \u00a0DE JANVIER \u00c0 JUILLET 2026. \u00a0EXCEPT\u00c9S CONG\u00c9S SCOLAIRES. Inscription obligatoire \u2013\u2026","rel":"","context":"Article similaire","block_context":{"text":"Article similaire","link":""},"img":{"alt_text":"","src":"","width":0,"height":0},"classes":[]}],"jetpack_likes_enabled":true,"_links":{"self":[{"href":"https:\/\/www.jmlib.be\/site\/wp-json\/wp\/v2\/pages\/15441","targetHints":{"allow":["GET"]}}],"collection":[{"href":"https:\/\/www.jmlib.be\/site\/wp-json\/wp\/v2\/pages"}],"about":[{"href":"https:\/\/www.jmlib.be\/site\/wp-json\/wp\/v2\/types\/page"}],"author":[{"embeddable":true,"href":"https:\/\/www.jmlib.be\/site\/wp-json\/wp\/v2\/users\/1"}],"replies":[{"embeddable":true,"href":"https:\/\/www.jmlib.be\/site\/wp-json\/wp\/v2\/comments?post=15441"}],"version-history":[{"count":60,"href":"https:\/\/www.jmlib.be\/site\/wp-json\/wp\/v2\/pages\/15441\/revisions"}],"predecessor-version":[{"id":17326,"href":"https:\/\/www.jmlib.be\/site\/wp-json\/wp\/v2\/pages\/15441\/revisions\/17326"}],"wp:attachment":[{"href":"https:\/\/www.jmlib.be\/site\/wp-json\/wp\/v2\/media?parent=15441"}],"curies":[{"name":"wp","href":"https:\/\/api.w.org\/{rel}","templated":true}]}}