{"id":15126,"date":"2024-12-19T11:36:55","date_gmt":"2024-12-19T10:36:55","guid":{"rendered":"https:\/\/www.jmlib.be\/site\/?page_id=15126"},"modified":"2025-02-07T16:39:04","modified_gmt":"2025-02-07T15:39:04","slug":"stage-explorart","status":"publish","type":"page","link":"https:\/\/www.jmlib.be\/site\/stage-explorart\/","title":{"rendered":"Stage Explor&rsquo;ART"},"content":{"rendered":"\t\t<div data-elementor-type=\"wp-page\" data-elementor-id=\"15126\" class=\"elementor elementor-15126\">\n\t\t\t\t<div class=\"elementor-element elementor-element-1472e1f e-flex e-con-boxed e-con e-parent\" data-id=\"1472e1f\" data-element_type=\"container\" data-e-type=\"container\">\n\t\t\t\t\t<div class=\"e-con-inner\">\n\t\t\t\t<div class=\"elementor-element elementor-element-d1ba178 elementor-widget elementor-widget-text-editor\" data-id=\"d1ba178\" data-element_type=\"widget\" data-e-type=\"widget\" data-widget_type=\"text-editor.default\">\n\t\t\t\t<div class=\"elementor-widget-container\">\n\t\t\t\t\t\t\t\t\t<p>Lorem ipsum dolor sit amet, consectetur adipiscing elit. Ut elit tellus, luctus nec ullamcorper mattis, pulvinar dapibus leo.<\/p>\t\t\t\t\t\t\t\t<\/div>\n\t\t\t\t<\/div>\n\t\t\t\t<div class=\"elementor-element elementor-element-fe43317 elementor-widget elementor-widget-image\" data-id=\"fe43317\" data-element_type=\"widget\" data-e-type=\"widget\" data-widget_type=\"image.default\">\n\t\t\t\t<div class=\"elementor-widget-container\">\n\t\t\t\t\t\t\t\t\t\t\t\t\t\t\t<img fetchpriority=\"high\" decoding=\"async\" data-attachment-id=\"15557\" data-permalink=\"https:\/\/www.jmlib.be\/site\/stage-explorart\/complet-stage-artistique-publication-instagram\/\" data-orig-file=\"https:\/\/i0.wp.com\/www.jmlib.be\/site\/wp-content\/uploads\/2025\/02\/Complet-Stage-Artistique-Publication-Instagram.png?fit=1080%2C1080&amp;ssl=1\" data-orig-size=\"1080,1080\" data-comments-opened=\"1\" data-image-meta=\"{&quot;aperture&quot;:&quot;0&quot;,&quot;credit&quot;:&quot;&quot;,&quot;camera&quot;:&quot;&quot;,&quot;caption&quot;:&quot;&quot;,&quot;created_timestamp&quot;:&quot;0&quot;,&quot;copyright&quot;:&quot;&quot;,&quot;focal_length&quot;:&quot;0&quot;,&quot;iso&quot;:&quot;0&quot;,&quot;shutter_speed&quot;:&quot;0&quot;,&quot;title&quot;:&quot;&quot;,&quot;orientation&quot;:&quot;0&quot;}\" data-image-title=\"Complet &amp;#8211; Stage Artistique (Publication Instagram)\" data-image-description=\"\" data-image-caption=\"\" data-medium-file=\"https:\/\/i0.wp.com\/www.jmlib.be\/site\/wp-content\/uploads\/2025\/02\/Complet-Stage-Artistique-Publication-Instagram.png?fit=300%2C300&amp;ssl=1\" data-large-file=\"https:\/\/i0.wp.com\/www.jmlib.be\/site\/wp-content\/uploads\/2025\/02\/Complet-Stage-Artistique-Publication-Instagram.png?fit=640%2C640&amp;ssl=1\" width=\"640\" height=\"640\" src=\"https:\/\/i0.wp.com\/www.jmlib.be\/site\/wp-content\/uploads\/2025\/02\/Complet-Stage-Artistique-Publication-Instagram.png?fit=640%2C640&amp;ssl=1\" class=\"attachment-large size-large wp-image-15557\" alt=\"\" srcset=\"https:\/\/i0.wp.com\/www.jmlib.be\/site\/wp-content\/uploads\/2025\/02\/Complet-Stage-Artistique-Publication-Instagram.png?w=1080&amp;ssl=1 1080w, https:\/\/i0.wp.com\/www.jmlib.be\/site\/wp-content\/uploads\/2025\/02\/Complet-Stage-Artistique-Publication-Instagram.png?resize=300%2C300&amp;ssl=1 300w, https:\/\/i0.wp.com\/www.jmlib.be\/site\/wp-content\/uploads\/2025\/02\/Complet-Stage-Artistique-Publication-Instagram.png?resize=1024%2C1024&amp;ssl=1 1024w, https:\/\/i0.wp.com\/www.jmlib.be\/site\/wp-content\/uploads\/2025\/02\/Complet-Stage-Artistique-Publication-Instagram.png?resize=150%2C150&amp;ssl=1 150w, https:\/\/i0.wp.com\/www.jmlib.be\/site\/wp-content\/uploads\/2025\/02\/Complet-Stage-Artistique-Publication-Instagram.png?resize=768%2C768&amp;ssl=1 768w, https:\/\/i0.wp.com\/www.jmlib.be\/site\/wp-content\/uploads\/2025\/02\/Complet-Stage-Artistique-Publication-Instagram.png?resize=73%2C73&amp;ssl=1 73w, https:\/\/i0.wp.com\/www.jmlib.be\/site\/wp-content\/uploads\/2025\/02\/Complet-Stage-Artistique-Publication-Instagram.png?resize=174%2C174&amp;ssl=1 174w, https:\/\/i0.wp.com\/www.jmlib.be\/site\/wp-content\/uploads\/2025\/02\/Complet-Stage-Artistique-Publication-Instagram.png?resize=250%2C250&amp;ssl=1 250w\" sizes=\"(max-width: 640px) 100vw, 640px\" data-attachment-id=\"15557\" data-permalink=\"https:\/\/www.jmlib.be\/site\/stage-explorart\/complet-stage-artistique-publication-instagram\/\" data-orig-file=\"https:\/\/i0.wp.com\/www.jmlib.be\/site\/wp-content\/uploads\/2025\/02\/Complet-Stage-Artistique-Publication-Instagram.png?fit=1080%2C1080&amp;ssl=1\" data-orig-size=\"1080,1080\" data-comments-opened=\"1\" data-image-meta=\"{&quot;aperture&quot;:&quot;0&quot;,&quot;credit&quot;:&quot;&quot;,&quot;camera&quot;:&quot;&quot;,&quot;caption&quot;:&quot;&quot;,&quot;created_timestamp&quot;:&quot;0&quot;,&quot;copyright&quot;:&quot;&quot;,&quot;focal_length&quot;:&quot;0&quot;,&quot;iso&quot;:&quot;0&quot;,&quot;shutter_speed&quot;:&quot;0&quot;,&quot;title&quot;:&quot;&quot;,&quot;orientation&quot;:&quot;0&quot;}\" data-image-title=\"Complet &amp;#8211; Stage Artistique (Publication Instagram)\" data-image-description=\"\" data-image-caption=\"\" data-medium-file=\"https:\/\/i0.wp.com\/www.jmlib.be\/site\/wp-content\/uploads\/2025\/02\/Complet-Stage-Artistique-Publication-Instagram.png?fit=300%2C300&amp;ssl=1\" data-large-file=\"https:\/\/i0.wp.com\/www.jmlib.be\/site\/wp-content\/uploads\/2025\/02\/Complet-Stage-Artistique-Publication-Instagram.png?fit=640%2C640&amp;ssl=1\" \/>\t\t\t\t\t\t\t\t\t\t\t\t\t\t\t<\/div>\n\t\t\t\t<\/div>\n\t\t\t\t\t<\/div>\n\t\t\t\t<\/div>\n\t\t<div class=\"elementor-element elementor-element-72f678f e-flex e-con-boxed e-con e-parent\" data-id=\"72f678f\" data-element_type=\"container\" data-e-type=\"container\">\n\t\t\t\t\t<div class=\"e-con-inner\">\n\t\t\t\t<div class=\"elementor-element elementor-element-8027903 elementor-widget elementor-widget-text-editor\" data-id=\"8027903\" data-element_type=\"widget\" data-e-type=\"widget\" data-widget_type=\"text-editor.default\">\n\t\t\t\t<div class=\"elementor-widget-container\">\n\t\t\t\t\t\t\t\t\t<p style=\"text-align: center;\"><span style=\"color: #ff0000;\">COMPLET<\/span><\/p><p style=\"text-align: center;\">Merci pour votre enthousiasme ! \u00a0Le stage est d\u00e9sormais\u00a0<b data-stringify-type=\"bold\">complet <\/b>et nous sommes ravis de voir autant d&rsquo;int\u00e9r\u00eat et que notre proposition r\u00e9pond \u00e0 vos souhaits.\u00a0\u00a0<br \/>\u00a0<b data-stringify-type=\"bold\">Bonne nouvelle<\/b>\u00a0: une\u00a0<b data-stringify-type=\"bold\">liste d\u2019attente<\/b> est ouverte !\u00a0<br \/>Pour vous inscrire sur la liste d\u2019attente, n\u2019h\u00e9sitez pas \u00e0 nous envoyer un mail via le lien mail ci-dessous.<\/p><p style=\"text-align: center;\">Contact, inscription et infos :<\/p><p style=\"text-align: center;\">Mme Sophie Moreau\u00a0<br \/>\ud83d\udcde\u00a0T\u00e9l. :\u00a0 063 24 53 15<br \/>\ud83d\udce7 \u00a0\u00a0<a draggable=\"false\" href=\"mailto:sophie.moreau@ml.be\">Sophie Moreau<\/a><\/p>\t\t\t\t\t\t\t\t<\/div>\n\t\t\t\t<\/div>\n\t\t\t\t\t<\/div>\n\t\t\t\t<\/div>\n\t\t\t\t<\/div>\n\t\t","protected":false},"excerpt":{"rendered":"<p>Lorem ipsum dolor sit amet, consectetur adipiscing elit. Ut elit tellus, luctus nec ullamcorper mattis, pulvinar dapibus leo. COMPLET Merci pour votre enthousiasme ! \u00a0Le stage est d\u00e9sormais\u00a0complet et nous sommes ravis de voir autant d&rsquo;int\u00e9r\u00eat et que notre proposition r\u00e9pond \u00e0 vos souhaits.\u00a0\u00a0\u00a0Bonne nouvelle\u00a0: une\u00a0liste d\u2019attente est ouverte !\u00a0Pour vous inscrire sur la liste<a href=\"https:\/\/www.jmlib.be\/site\/stage-explorart\/\">[&#8230;]<\/a><\/p>\n","protected":false},"author":1,"featured_media":0,"parent":0,"menu_order":0,"comment_status":"closed","ping_status":"closed","template":"elementor_header_footer","meta":{"jetpack_post_was_ever_published":false,"footnotes":""},"class_list":["post-15126","page","type-page","status-publish","hentry"],"jetpack_sharing_enabled":true,"jetpack_shortlink":"https:\/\/wp.me\/P93my9-3VY","jetpack-related-posts":[{"id":15270,"url":"https:\/\/www.jmlib.be\/site\/stage-theatre\/","url_meta":{"origin":15126,"position":0},"title":"Stage Th\u00e9\u00e2tre","author":"jmlib","date":"24 d\u00e9cembre 2024","format":false,"excerpt":"STAGE TH\u00c9\u00c2TRE Avec le soutien de la F\u00e9d\u00e9ration Wallonie-Bruxelles Inscriptions au Stage Th\u00e9\u00e2tre Contact : Marie-Anne Mazurkiewicz T\u00e9l\u00e9phone : +32 (0)472 580 039 complet","rel":"","context":"Article similaire","block_context":{"text":"Article similaire","link":""},"img":{"alt_text":"","src":"https:\/\/i0.wp.com\/www.jmlib.be\/site\/wp-content\/uploads\/2025\/01\/Capture-decran-2025-01-15-a-12.21.10-1-1.png?resize=350%2C200&ssl=1","width":350,"height":200,"srcset":"https:\/\/i0.wp.com\/www.jmlib.be\/site\/wp-content\/uploads\/2025\/01\/Capture-decran-2025-01-15-a-12.21.10-1-1.png?resize=350%2C200&ssl=1 1x, https:\/\/i0.wp.com\/www.jmlib.be\/site\/wp-content\/uploads\/2025\/01\/Capture-decran-2025-01-15-a-12.21.10-1-1.png?resize=525%2C300&ssl=1 1.5x, https:\/\/i0.wp.com\/www.jmlib.be\/site\/wp-content\/uploads\/2025\/01\/Capture-decran-2025-01-15-a-12.21.10-1-1.png?resize=700%2C400&ssl=1 2x, https:\/\/i0.wp.com\/www.jmlib.be\/site\/wp-content\/uploads\/2025\/01\/Capture-decran-2025-01-15-a-12.21.10-1-1.png?resize=1050%2C600&ssl=1 3x, https:\/\/i0.wp.com\/www.jmlib.be\/site\/wp-content\/uploads\/2025\/01\/Capture-decran-2025-01-15-a-12.21.10-1-1.png?resize=1400%2C800&ssl=1 4x"},"classes":[]},{"id":14938,"url":"https:\/\/www.jmlib.be\/site\/page-stage\/","url_meta":{"origin":15126,"position":1},"title":"Stage Menu 2025","author":"jmlib","date":"16 d\u00e9cembre 2024","format":false,"excerpt":"Stages 2025 par r\u00e9gion Stages 2025 Trouvez l'activit\u00e9 id\u00e9ale pr\u00e8s de chez vous Tous les lieux Wavre Tilff Arlon Tournai La Louvi\u00e8re \ud83d\udccd Wavre Cr\u00e9ativit\u00e9 TERMIN\u00c9 \u267b\ufe0f F\u00eates en mode r\u00e9cup Du 20 au 24 octobre 2025 \ud83d\udc65 6-13 ans \ud83d\udd52 9h - 15h30 (accueil d\u00e8s 8h) 12 \u20ac par\u2026","rel":"","context":"Article similaire","block_context":{"text":"Article similaire","link":""},"img":{"alt_text":"","src":"","width":0,"height":0},"classes":[]},{"id":17397,"url":"https:\/\/www.jmlib.be\/site\/inscription-stage-aventure\/","url_meta":{"origin":15126,"position":2},"title":"Inscription stage aventure","author":"jmlib","date":"2 f\u00e9vrier 2026","format":false,"excerpt":"","rel":"","context":"Article similaire","block_context":{"text":"Article similaire","link":""},"img":{"alt_text":"","src":"","width":0,"height":0},"classes":[]},{"id":17221,"url":"https:\/\/www.jmlib.be\/site\/stage-couture-arlon-inscription\/","url_meta":{"origin":15126,"position":3},"title":"Stage couture Arlon &#8211; Inscription","author":"jmlib","date":"28 novembre 2025","format":false,"excerpt":"","rel":"","context":"Article similaire","block_context":{"text":"Article similaire","link":""},"img":{"alt_text":"","src":"","width":0,"height":0},"classes":[]},{"id":17262,"url":"https:\/\/www.jmlib.be\/site\/inscription-stage-harry-potter\/","url_meta":{"origin":15126,"position":4},"title":"Inscription stage Harry Potter","author":"jmlib","date":"11 d\u00e9cembre 2025","format":false,"excerpt":"","rel":"","context":"Article similaire","block_context":{"text":"Article similaire","link":""},"img":{"alt_text":"","src":"","width":0,"height":0},"classes":[]},{"id":17517,"url":"https:\/\/www.jmlib.be\/site\/inscription-stage-cirque-a-la-louviere\/","url_meta":{"origin":15126,"position":5},"title":"Inscription stage cirque \u00e0 La Louvi\u00e8re","author":"jmlib","date":"24 mars 2026","format":false,"excerpt":"","rel":"","context":"Article similaire","block_context":{"text":"Article similaire","link":""},"img":{"alt_text":"","src":"","width":0,"height":0},"classes":[]}],"jetpack_likes_enabled":true,"_links":{"self":[{"href":"https:\/\/www.jmlib.be\/site\/wp-json\/wp\/v2\/pages\/15126","targetHints":{"allow":["GET"]}}],"collection":[{"href":"https:\/\/www.jmlib.be\/site\/wp-json\/wp\/v2\/pages"}],"about":[{"href":"https:\/\/www.jmlib.be\/site\/wp-json\/wp\/v2\/types\/page"}],"author":[{"embeddable":true,"href":"https:\/\/www.jmlib.be\/site\/wp-json\/wp\/v2\/users\/1"}],"replies":[{"embeddable":true,"href":"https:\/\/www.jmlib.be\/site\/wp-json\/wp\/v2\/comments?post=15126"}],"version-history":[{"count":25,"href":"https:\/\/www.jmlib.be\/site\/wp-json\/wp\/v2\/pages\/15126\/revisions"}],"predecessor-version":[{"id":15587,"href":"https:\/\/www.jmlib.be\/site\/wp-json\/wp\/v2\/pages\/15126\/revisions\/15587"}],"wp:attachment":[{"href":"https:\/\/www.jmlib.be\/site\/wp-json\/wp\/v2\/media?parent=15126"}],"curies":[{"name":"wp","href":"https:\/\/api.w.org\/{rel}","templated":true}]}}