{"id":14296,"date":"2023-01-12T17:23:45","date_gmt":"2023-01-12T16:23:45","guid":{"rendered":"https:\/\/www.jmlib.be\/site\/?page_id=14296"},"modified":"2025-02-20T14:54:12","modified_gmt":"2025-02-20T13:54:12","slug":"rgpd","status":"publish","type":"page","link":"https:\/\/www.jmlib.be\/site\/rgpd\/","title":{"rendered":"RGPD"},"content":{"rendered":"<div id=\"dslc-content\" class=\"dslc-content dslc-clearfix\">\n<div id=\"dslc-main\">\n<div  class=\"dslc-modules-section \" style=\"\" data-section-id=\"8f4956e054e\">\n<div class=\"dslc-modules-section-wrapper dslc-clearfix\">\n<div class=\"dslc-modules-area dslc-col dslc-12-col dslc-last-col dslc-valign- \" data-size=\"12\" data-valign=\"\">\n<div id=\"dslc-module-e1452d91149\" class=\"dslc-module-front dslc-module-DSLC_Html dslc-in-viewport-check dslc-in-viewport-anim-none  dslc-col dslc-12-col dslc-last-col  dslc-module-handle-like-regular \" data-module-id=\"e1452d91149\" data-module=\"DSLC_Html\" data-dslc-module-size=\"12\" data-dslc-anim=\"none\" data-dslc-anim-delay=\"\" data-dslc-anim-duration=\"650\"  data-dslc-anim-easing=\"ease\" data-dslc-preset=\"none\" >\n<div class=\"dslc-html-module-content\"><!DOCTYPE html><br \/>\n<html lang=\"fr\"><br \/>\n<head><br \/>\n  <meta charset=\"UTF-8\"><br \/>\n  <title>Politique de confidentialit\u00e9<\/title><br \/>\n<\/head><br \/>\n<body><\/p>\n<h1>Politique de confidentialit\u00e9<\/h1>\n<p>Notre association, JML asbl, est consciente de l&rsquo;importance de prot\u00e9ger vos donn\u00e9es \u00e0 caract\u00e8re personnel. Cette politique de confidentialit\u00e9 a pour but de vous informer sur les types de donn\u00e9es que nous collectons, les raisons de cette collecte et les mesures que nous prenons pour prot\u00e9ger vos donn\u00e9es.<\/p>\n<h2>Donn\u00e9es que nous collectons<\/h2>\n<p>Nous collectons les donn\u00e9es suivantes lorsque vous vous inscrivez \u00e0 notre asbl pour demande d&rsquo;information, newsletter ou lorsque vous participez \u00e0 nos activit\u00e9s.<\/p>\n<ul>\n<li>Nom et pr\u00e9nom.<\/li>\n<li>Adresse e-mail.<\/li>\n<li>Date de naissance et n\u00b0 BCSS.<\/li>\n<li>Num\u00e9ro de t\u00e9l\u00e9phone.<\/li>\n<li>Adresse postale.<\/li>\n<li>Fiche m\u00e9dicale \u00ab\u00a0uniquement quand le jeune est inscrit comme participant \/ vacances R\u00e9pit-famille Italie \/ Formation animateur\/stages\u00a0\u00bb.<\/li>\n<li>Fiche scolaire \u00ab\u00a0uniquement quand le jeune est inscrit comme participant pour le stage linguistique\u00a0\u00bb.<\/li>\n<\/ul>\n<h2>Raisons de la collecte de donn\u00e9es<\/h2>\n<p>Nous collectons ces donn\u00e9es pour les raisons suivantes.<\/p>\n<ul>\n<li>Pour vous envoyer des informations sur nos activit\u00e9s et \u00e9v\u00e9nements.<\/li>\n<li>Concernant les fiches m\u00e9dicales demand\u00e9es apr\u00e8s inscription, elles ne seront consult\u00e9es que par le staff d&rsquo;animation et par l&rsquo;\u00e9ventuel m\u00e9decin qui traiterait la personne concern\u00e9e. Elles seront conserv\u00e9es au terme de l&rsquo;activit\u00e9 pendant 2 ans et ensuite d\u00e9truites.<\/li>\n<li>Concernant les fiches m\u00e9dicales demand\u00e9es apr\u00e8s inscription pour R\u00e9pit-famille, elles ne seront consult\u00e9es que par les moniteurs encadrant le s\u00e9jour et par l&rsquo;\u00e9ventuel m\u00e9decin qui traiterait la personne concern\u00e9e. Elles seront conserv\u00e9es au terme des vacances pendant 5 ans et ensuite d\u00e9truites.<\/li>\n<li>Extrait du casier judicaire pour le jeune inscrit \u00e0 la formation d&rsquo;animateur.<\/li>\n<li>N\u00b0BCSS (Registre national), celui-ci est demand\u00e9 uniquement pour la composition de l&rsquo;attestation 281.86 (Fiche fiscale pour d\u00e9duction d&rsquo;imp\u00f4t pour les jeunes de moins de 14 ans et les moins valides de moins de 21 ans).<\/li>\n<\/ul>\n<h2>Mesures de s\u00e9curit\u00e9<\/h2>\n<p>Nous prenons les mesures de s\u00e9curit\u00e9 suivantes pour prot\u00e9ger vos donn\u00e9es.<\/p>\n<ul>\n<li>Stockage des donn\u00e9es sur les disques interne et le Onedrive Microsoft de l&rsquo;asbl.<\/li>\n<li>Utilisation de mots de passe forts pour prot\u00e9ger les comptes administratifs.<\/li>\n<\/ul>\n<h2>Vos droits<\/h2>\n<p>Conform\u00e9ment au RGPD, vous avez les droits suivants en mati\u00e8re de protection des donn\u00e9es.<\/p>\n<ul>\n<li>Droit d&rsquo;acc\u00e8s : vous avez le droit de demander une copie de vos donn\u00e9es personnelles que nous d\u00e9tenons.<\/li>\n<li>Droit de rectification : vous avez le droit de demander la correction de toute erreur dans vos donn\u00e9es personnelles.<\/li>\n<li>Droit \u00e0 l&rsquo;effacement : vous avez le droit de demander la suppression de vos donn\u00e9es personnelles dans certaines circonstances.<\/li>\n<li>Droit \u00e0 la limitation du traitement : vous avez le droit de demander la limitation de la mani\u00e8re dont nous utilisons vos donn\u00e9es personnelles dans certaines circonstances.<\/li>\n<\/ul>\n<p>Pour exercer l&rsquo;un de ces droits, veuillez nous contacter \u00e0 l&rsquo;adresse suivante : <a href=\"mailto:info@jmlib.be\">info@jmlib.be<\/a>.<\/p>\n<h2>Modification de la politique de confidentialit\u00e9<\/h2>\n<p>Nous nous r\u00e9servons le droit de modifier cette politique de confidentialit\u00e9 \u00e0 tout moment. Toute modification sera publi\u00e9e sur cette page et entrera en vigueur imm\u00e9diatement. Nous vous encourageons \u00e0 consulter r\u00e9guli\u00e8rement cette page pour prendre connaissance de toute modification.<\/p>\n<p style=\"color:blue;\">Mise \u00e0 jour du 20\/02\/2025.<\/p>\n<p><\/body><br \/>\n<\/html><\/div>\n<\/p><\/div>\n<p><!-- .dslc-module -->\n\t\t<\/div>\n<\/div>\n<\/div>\n<\/div>\n<\/div>\n","protected":false},"excerpt":{"rendered":"<p>Politique de confidentialit\u00e9 Politique de confidentialit\u00e9 Notre association, JML asbl, est consciente de l&rsquo;importance de prot\u00e9ger vos donn\u00e9es \u00e0 caract\u00e8re personnel. Cette politique de confidentialit\u00e9 a pour but de vous informer sur les types de donn\u00e9es que nous collectons, les raisons de cette collecte et les mesures que nous prenons pour prot\u00e9ger vos donn\u00e9es. Donn\u00e9es<a href=\"https:\/\/www.jmlib.be\/site\/rgpd\/\">[&#8230;]<\/a><\/p>\n","protected":false},"author":1,"featured_media":0,"parent":0,"menu_order":0,"comment_status":"closed","ping_status":"closed","template":"template-fullwidth.php","meta":{"jetpack_post_was_ever_published":false,"footnotes":""},"class_list":["post-14296","page","type-page","status-publish","hentry"],"jetpack_sharing_enabled":true,"jetpack_shortlink":"https:\/\/wp.me\/P93my9-3IA","jetpack-related-posts":[{"id":14473,"url":"https:\/\/www.jmlib.be\/site\/jobs-2\/","url_meta":{"origin":14296,"position":0},"title":"Animateur\/Animatrice JOB","author":"jmlib","date":"10 juin 2024","format":false,"excerpt":"Animateur\/Animatrice (H\/F\/X) Type de contrat : CDI Lieux de travail : Tournai R\u00e9gime de travail : Temps plein Langue(s) : FR Vos missions Animer des groupes de jeunes (cf. publics de l\u2019Organisation de Jeunesse) dans les locaux de l\u2019asbl mais aussi en dehors de ceux-ci. Mener des projets collectifs avec\u2026","rel":"","context":"Article similaire","block_context":{"text":"Article similaire","link":""},"img":{"alt_text":"","src":"https:\/\/i0.wp.com\/www.jmlib.be\/site\/wp-content\/uploads\/2024\/06\/join-our-team.jpg?resize=350%2C200&ssl=1","width":350,"height":200,"srcset":"https:\/\/i0.wp.com\/www.jmlib.be\/site\/wp-content\/uploads\/2024\/06\/join-our-team.jpg?resize=350%2C200&ssl=1 1x, https:\/\/i0.wp.com\/www.jmlib.be\/site\/wp-content\/uploads\/2024\/06\/join-our-team.jpg?resize=525%2C300&ssl=1 1.5x, https:\/\/i0.wp.com\/www.jmlib.be\/site\/wp-content\/uploads\/2024\/06\/join-our-team.jpg?resize=700%2C400&ssl=1 2x"},"classes":[]},{"id":1437,"url":"https:\/\/www.jmlib.be\/site\/jml-province-de-liege\/","url_meta":{"origin":14296,"position":1},"title":"Projet Zooth\u00e9rapie","author":"jmlib","date":"12 d\u00e9cembre 2017","format":false,"excerpt":"Zooth\u00e9rapieDepuis 2016, les JML, en collaboration avec la MLL, l'ALPH et l'\u00e9cole \" La parenth\u00e8se, ESSPCF, Lieutenant Jacquemin\" de Vis\u00e9 ( en r\u00e9gion li\u00e9geoise) ont mis en place un projet d'asinoth\u00e9rapie \u00e0 l'asinerie de Pontisse. Apr\u00e8s 5 ans de s\u00e9ances propos\u00e9es \u00e0 diverses classes d'enfants \u00e2g\u00e9s de 8 \u00e0 13\u2026","rel":"","context":"Article similaire","block_context":{"text":"Article similaire","link":""},"img":{"alt_text":"","src":"","width":0,"height":0},"classes":[]},{"id":15948,"url":"https:\/\/www.jmlib.be\/site\/zootherapie-2\/","url_meta":{"origin":14296,"position":2},"title":"Zooth\u00e9rapie","author":"jmlib","date":"26 f\u00e9vrier 2025","format":false,"excerpt":"Zooth\u00e9rapie Zooth\u00e9rapie \ud83d\ude80 Un projet innovant depuis 2016 Depuis 2016, en collaboration avec la MLL, l\u2019ALPH et l\u2019\u00e9cole \u00ab La parenth\u00e8se, ESSPCF, Lieutenant Jacquemin \u00bb de Vis\u00e9 (r\u00e9gion li\u00e9geoise), les JML ont mis en place un projet d\u2019asinoth\u00e9rapie \u00e0 l\u2019asinerie de Pontisse. Apr\u00e8s 5 ans de s\u00e9ances pour des classes\u2026","rel":"","context":"Article similaire","block_context":{"text":"Article similaire","link":""},"img":{"alt_text":"","src":"","width":0,"height":0},"classes":[]},{"id":16648,"url":"https:\/\/www.jmlib.be\/site\/aventure-des-quatre-coins-du-monde\/","url_meta":{"origin":14296,"position":3},"title":"Aventure des quatre coins du monde","author":"jmlib","date":"25 juin 2025","format":false,"excerpt":"Stage Aventure Autour du Monde - En collaboration avec nos partenaires Aventure Autour du Monde \u00e0 Tilff Pr\u00eat(e) \u00e0 embarquer pour une aventure inoubliable ? Une Aventure Extraordinaire Chaque journ\u00e9e sera l'occasion de d\u00e9couvrir un nouveau continent par des activit\u00e9s ludiques, cr\u00e9atives, musicales et la d\u00e9couverte de contes \u00ab issus\u2026","rel":"","context":"Article similaire","block_context":{"text":"Article similaire","link":""},"img":{"alt_text":"","src":"","width":0,"height":0},"classes":[]},{"id":15609,"url":"https:\/\/www.jmlib.be\/site\/garde-denfants-malades-a-domicile\/","url_meta":{"origin":14296,"position":4},"title":"Garde d&rsquo;enfants malades \u00e0 domicile","author":"jmlib","date":"11 f\u00e9vrier 2025","format":false,"excerpt":"Garde d'enfants malades \u00e0 domicile - JML Garde d'enfants malades \u00e0 domicile Vous n'avez pas la possibilit\u00e9 de vous absenter de votre emploi ? Vous ne trouvez personne \u00e0 qui confier vos enfants malades ? Ne cherchez plus\u2026 nous nous en chargeons ! Concr\u00e8tement Une gardienne comp\u00e9tente se rend \u00e0\u2026","rel":"","context":"Article similaire","block_context":{"text":"Article similaire","link":""},"img":{"alt_text":"","src":"","width":0,"height":0},"classes":[]},{"id":16089,"url":"https:\/\/www.jmlib.be\/site\/qui-sommes-nous\/","url_meta":{"origin":14296,"position":5},"title":"Qui sommes nous?","author":"jmlib","date":"12 mars 2025","format":false,"excerpt":"Jeunes Mutualistes Lib\u00e9raux (JML) \ud83d\udc4b Qui sommes-nous ? Fond\u00e9e en 1965, l'asbl Jeunes Mutualistes Lib\u00e9raux (JML) est une organisation de jeunesse reconnue par la F\u00e9d\u00e9ration Wallonie-Bruxelles, d\u00e9di\u00e9e \u00e0 l'\u00e9panouissement et au d\u00e9veloppement des jeunes. Nous organisons en Belgique et \u00e0 l'\u00e9tranger des activit\u00e9s \u00e9ducatives, culturelles et r\u00e9cr\u00e9atives pour les jeunes,\u2026","rel":"","context":"Article similaire","block_context":{"text":"Article similaire","link":""},"img":{"alt_text":"","src":"","width":0,"height":0},"classes":[]}],"jetpack_likes_enabled":true,"_links":{"self":[{"href":"https:\/\/www.jmlib.be\/site\/wp-json\/wp\/v2\/pages\/14296","targetHints":{"allow":["GET"]}}],"collection":[{"href":"https:\/\/www.jmlib.be\/site\/wp-json\/wp\/v2\/pages"}],"about":[{"href":"https:\/\/www.jmlib.be\/site\/wp-json\/wp\/v2\/types\/page"}],"author":[{"embeddable":true,"href":"https:\/\/www.jmlib.be\/site\/wp-json\/wp\/v2\/users\/1"}],"replies":[{"embeddable":true,"href":"https:\/\/www.jmlib.be\/site\/wp-json\/wp\/v2\/comments?post=14296"}],"version-history":[{"count":6,"href":"https:\/\/www.jmlib.be\/site\/wp-json\/wp\/v2\/pages\/14296\/revisions"}],"predecessor-version":[{"id":15844,"href":"https:\/\/www.jmlib.be\/site\/wp-json\/wp\/v2\/pages\/14296\/revisions\/15844"}],"wp:attachment":[{"href":"https:\/\/www.jmlib.be\/site\/wp-json\/wp\/v2\/media?parent=14296"}],"curies":[{"name":"wp","href":"https:\/\/api.w.org\/{rel}","templated":true}]}}